{"id":12027,"date":"2021-11-08T10:50:53","date_gmt":"2021-11-08T08:50:53","guid":{"rendered":"https:\/\/www.rarom.ro\/?page_id=12027"},"modified":"2021-11-08T10:55:14","modified_gmt":"2021-11-08T08:55:14","slug":"toyota-land-cruiser","status":"publish","type":"page","link":"https:\/\/www.rarom.ro\/?page_id=12027","title":{"rendered":"Toyota Land Cruiser"},"content":{"rendered":"<p><strong>Test: Toyota Land Cruiser<\/strong><\/p>\n<p style=\"text-align: justify;\"><a href=\"https:\/\/www.rarom.ro\/wp-content\/uploads\/2021\/11\/Test-Toyota-mare.jpg\"><img loading=\"lazy\" decoding=\"async\" class=\"alignleft size-full wp-image-12028\" src=\"https:\/\/www.rarom.ro\/wp-content\/uploads\/2021\/11\/Test-Toyota-mare.jpg\" alt=\"\" width=\"730\" height=\"450\" srcset=\"https:\/\/www.rarom.ro\/wp-content\/uploads\/2021\/11\/Test-Toyota-mare.jpg 730w, https:\/\/www.rarom.ro\/wp-content\/uploads\/2021\/11\/Test-Toyota-mare-300x185.jpg 300w\" sizes=\"auto, (max-width: 730px) 100vw, 730px\" \/><\/a> <img loading=\"lazy\" decoding=\"async\" class=\"alignleft size-full wp-image-12030\" src=\"https:\/\/www.rarom.ro\/wp-content\/uploads\/2021\/11\/Test-Toyota-pagini.jpg\" alt=\"\" width=\"250\" height=\"165\" \/>\u00a0\u00cenc\u0103 de la apari\u021bia sa, acest model de Land Cruiser, m\u0103rturisesc c\u0103 m-a cucerit complet. Caroseria mare, somptuoas\u0103, ornamentele \u0219i farurile generoase, interiorul spa\u021bios \u0219i, nu \u00een ultimul r\u00e2nd, trac\u021biunea adaptat\u0103 oric\u0103rei condi\u021bii de drum sau suprafa\u021b\u0103, fac din acest model de Toyota un adversar redutabil pentru oricare alt constructor. [&#8230;]<\/p>\n","protected":false},"excerpt":{"rendered":"<p>Test: Toyota Land Cruiser \u00a0\u00cenc\u0103 de la apari\u021bia sa, acest model de Land Cruiser, m\u0103rturisesc c\u0103 m-a cucerit complet. Caroseria mare, somptuoas\u0103, ornamentele \u0219i farurile generoase, interiorul spa\u021bios \u0219i, nu \u00een ultimul r\u00e2nd, trac\u021biunea adaptat\u0103 oric\u0103rei condi\u021bii de drum sau suprafa\u021b\u0103, fac din acest model de Toyota un adversar redutabil pentru oricare alt constructor. [&#8230;]<\/p>\n","protected":false},"author":3,"featured_media":0,"parent":12001,"menu_order":4,"comment_status":"closed","ping_status":"closed","template":"","meta":{"_acf_changed":false,"footnotes":""},"class_list":["post-12027","page","type-page","status-publish","hentry"],"acf":[],"_links":{"self":[{"href":"https:\/\/www.rarom.ro\/index.php?rest_route=\/wp\/v2\/pages\/12027","targetHints":{"allow":["GET"]}}],"collection":[{"href":"https:\/\/www.rarom.ro\/index.php?rest_route=\/wp\/v2\/pages"}],"about":[{"href":"https:\/\/www.rarom.ro\/index.php?rest_route=\/wp\/v2\/types\/page"}],"author":[{"embeddable":true,"href":"https:\/\/www.rarom.ro\/index.php?rest_route=\/wp\/v2\/users\/3"}],"replies":[{"embeddable":true,"href":"https:\/\/www.rarom.ro\/index.php?rest_route=%2Fwp%2Fv2%2Fcomments&post=12027"}],"version-history":[{"count":1,"href":"https:\/\/www.rarom.ro\/index.php?rest_route=\/wp\/v2\/pages\/12027\/revisions"}],"predecessor-version":[{"id":12032,"href":"https:\/\/www.rarom.ro\/index.php?rest_route=\/wp\/v2\/pages\/12027\/revisions\/12032"}],"up":[{"embeddable":true,"href":"https:\/\/www.rarom.ro\/index.php?rest_route=\/wp\/v2\/pages\/12001"}],"wp:attachment":[{"href":"https:\/\/www.rarom.ro\/index.php?rest_route=%2Fwp%2Fv2%2Fmedia&parent=12027"}],"curies":[{"name":"wp","href":"https:\/\/api.w.org\/{rel}","templated":true}]}}