{"id":11999,"date":"2021-11-08T10:19:25","date_gmt":"2021-11-08T08:19:25","guid":{"rendered":"https:\/\/www.rarom.ro\/?page_id=11999"},"modified":"2021-12-08T13:47:00","modified_gmt":"2021-12-08T11:47:00","slug":"nr-267-noiembrie-2021","status":"publish","type":"page","link":"https:\/\/www.rarom.ro\/?page_id=11999","title":{"rendered":"Nr. 267 \/ Noiembrie 2021"},"content":{"rendered":"<p><a href=\"https:\/\/www.rarom.ro\/wp-content\/uploads\/2021\/11\/267.jpg\"><img loading=\"lazy\" decoding=\"async\" class=\"size-full wp-image-12006 aligncenter\" src=\"https:\/\/www.rarom.ro\/wp-content\/uploads\/2021\/11\/267.jpg\" alt=\"\" width=\"730\" height=\"450\" srcset=\"https:\/\/www.rarom.ro\/wp-content\/uploads\/2021\/11\/267.jpg 730w, https:\/\/www.rarom.ro\/wp-content\/uploads\/2021\/11\/267-300x185.jpg 300w\" sizes=\"auto, (max-width: 730px) 100vw, 730px\" \/><\/a><\/p>\n<p><strong>Din sumarul num\u0103rului 267 \/ Noimbrie 2021<\/strong><\/p>\n<p><strong>Teste:<\/strong><br \/>\n<a href=\"https:\/\/www.rarom.ro\/?page_id=12009\">Test BMW iX3<\/a><br \/>\n<a href=\"https:\/\/www.rarom.ro\/?page_id=12015\">Test Dacia Duster facelift<\/a><br \/>\n<a href=\"https:\/\/www.rarom.ro\/?page_id=12021\">Test Ford Puma<\/a><br \/>\n<a href=\"https:\/\/www.rarom.ro\/?page_id=12027\">Test Toyota Land Cruiser<\/a><br \/>\n<a href=\"https:\/\/www.rarom.ro\/?page_id=12033\">Test Nissan Qashqai<\/a><br \/>\n<a href=\"https:\/\/www.rarom.ro\/?page_id=12039\">Test Honda Forza<\/a><\/p>\n<p><strong>Interviu<\/strong><br \/>\n<a href=\"https:\/\/www.rarom.ro\/?page_id=12045\">Prof. Dr. Ing. Eugen Negru\u015f<\/a><\/p>\n<p><strong>Eveniment<\/strong><br \/>\n<a href=\"https:\/\/www.rarom.ro\/?page_id=12053\">Salonul Auto Bucure\u015fti &amp; Accesorii 2021<\/a><\/p>\n<p><strong>Magazin<\/strong><br \/>\n<a href=\"https:\/\/www.rarom.ro\/?page_id=12063\">Ma\u015finile lui James Bond<\/a><\/p>\n<p><strong>Concept<\/strong><br \/>\n<a href=\"https:\/\/www.rarom.ro\/?page_id=12069\">SAIC R RYZR<\/a><\/p>\n<p><strong>Istorie<\/strong><br \/>\n<a href=\"https:\/\/www.rarom.ro\/?page_id=12075\">Bugatti EB 110<\/a><\/p>\n","protected":false},"excerpt":{"rendered":"<p>Din sumarul num\u0103rului 267 \/ Noimbrie 2021 Teste: Test BMW iX3 Test Dacia Duster facelift Test Ford Puma Test Toyota Land Cruiser Test Nissan Qashqai Test Honda Forza Interviu Prof. Dr. Ing. Eugen Negru\u015f Eveniment Salonul Auto Bucure\u015fti &amp; Accesorii 2021 Magazin Ma\u015finile lui James Bond Concept SAIC R RYZR Istorie Bugatti EB 110<\/p>\n","protected":false},"author":3,"featured_media":0,"parent":10973,"menu_order":9964,"comment_status":"closed","ping_status":"closed","template":"","meta":{"_acf_changed":false,"footnotes":""},"class_list":["post-11999","page","type-page","status-publish","hentry"],"acf":[],"_links":{"self":[{"href":"https:\/\/www.rarom.ro\/index.php?rest_route=\/wp\/v2\/pages\/11999","targetHints":{"allow":["GET"]}}],"collection":[{"href":"https:\/\/www.rarom.ro\/index.php?rest_route=\/wp\/v2\/pages"}],"about":[{"href":"https:\/\/www.rarom.ro\/index.php?rest_route=\/wp\/v2\/types\/page"}],"author":[{"embeddable":true,"href":"https:\/\/www.rarom.ro\/index.php?rest_route=\/wp\/v2\/users\/3"}],"replies":[{"embeddable":true,"href":"https:\/\/www.rarom.ro\/index.php?rest_route=%2Fwp%2Fv2%2Fcomments&post=11999"}],"version-history":[{"count":6,"href":"https:\/\/www.rarom.ro\/index.php?rest_route=\/wp\/v2\/pages\/11999\/revisions"}],"predecessor-version":[{"id":12363,"href":"https:\/\/www.rarom.ro\/index.php?rest_route=\/wp\/v2\/pages\/11999\/revisions\/12363"}],"up":[{"embeddable":true,"href":"https:\/\/www.rarom.ro\/index.php?rest_route=\/wp\/v2\/pages\/10973"}],"wp:attachment":[{"href":"https:\/\/www.rarom.ro\/index.php?rest_route=%2Fwp%2Fv2%2Fmedia&parent=11999"}],"curies":[{"name":"wp","href":"https:\/\/api.w.org\/{rel}","templated":true}]}}