{"id":11825,"date":"2021-10-05T15:54:11","date_gmt":"2021-10-05T12:54:11","guid":{"rendered":"https:\/\/www.rarom.ro\/?page_id=11825"},"modified":"2021-10-05T16:10:09","modified_gmt":"2021-10-05T13:10:09","slug":"prezentare","status":"publish","type":"page","link":"https:\/\/www.rarom.ro\/?page_id=11825","title":{"rendered":"Prezentare"},"content":{"rendered":"<p><strong>Jaguar C-Type<\/strong><\/p>\n<p style=\"text-align: justify;\"><a href=\"https:\/\/www.rarom.ro\/wp-content\/uploads\/2021\/10\/Prezentare-mare.jpg\"><img loading=\"lazy\" decoding=\"async\" class=\"alignleft size-full wp-image-11828\" src=\"https:\/\/www.rarom.ro\/wp-content\/uploads\/2021\/10\/Prezentare-mare.jpg\" alt=\"\" width=\"730\" height=\"450\" srcset=\"https:\/\/www.rarom.ro\/wp-content\/uploads\/2021\/10\/Prezentare-mare.jpg 730w, https:\/\/www.rarom.ro\/wp-content\/uploads\/2021\/10\/Prezentare-mare-300x185.jpg 300w\" sizes=\"auto, (max-width: 730px) 100vw, 730px\" \/><\/a> <img loading=\"lazy\" decoding=\"async\" class=\"alignleft size-full wp-image-11830\" src=\"https:\/\/www.rarom.ro\/wp-content\/uploads\/2021\/10\/Prezentare-pagini.jpg\" alt=\"\" width=\"250\" height=\"165\" \/>\u00a0Jaguar s-au hot\u0103r\u00e2t s\u0103 reconstruiasc\u0103 un model de suflet ap\u0103rut \u00een urm\u0103 cu 70 de ani, denumit acum C-Type Continuation, cel cu care constructorul englez c\u00e2\u0219tiga cursa de la Le Mans \u00een 1951. [&#8230;]<\/p>\n","protected":false},"excerpt":{"rendered":"<p>Jaguar C-Type \u00a0Jaguar s-au hot\u0103r\u00e2t s\u0103 reconstruiasc\u0103 un model de suflet ap\u0103rut \u00een urm\u0103 cu 70 de ani, denumit acum C-Type Continuation, cel cu care constructorul englez c\u00e2\u0219tiga cursa de la Le Mans \u00een 1951. [&#8230;]<\/p>\n","protected":false},"author":3,"featured_media":0,"parent":11760,"menu_order":5,"comment_status":"closed","ping_status":"closed","template":"","meta":{"_acf_changed":false,"footnotes":""},"class_list":["post-11825","page","type-page","status-publish","hentry"],"acf":[],"_links":{"self":[{"href":"https:\/\/www.rarom.ro\/index.php?rest_route=\/wp\/v2\/pages\/11825","targetHints":{"allow":["GET"]}}],"collection":[{"href":"https:\/\/www.rarom.ro\/index.php?rest_route=\/wp\/v2\/pages"}],"about":[{"href":"https:\/\/www.rarom.ro\/index.php?rest_route=\/wp\/v2\/types\/page"}],"author":[{"embeddable":true,"href":"https:\/\/www.rarom.ro\/index.php?rest_route=\/wp\/v2\/users\/3"}],"replies":[{"embeddable":true,"href":"https:\/\/www.rarom.ro\/index.php?rest_route=%2Fwp%2Fv2%2Fcomments&post=11825"}],"version-history":[{"count":3,"href":"https:\/\/www.rarom.ro\/index.php?rest_route=\/wp\/v2\/pages\/11825\/revisions"}],"predecessor-version":[{"id":11832,"href":"https:\/\/www.rarom.ro\/index.php?rest_route=\/wp\/v2\/pages\/11825\/revisions\/11832"}],"up":[{"embeddable":true,"href":"https:\/\/www.rarom.ro\/index.php?rest_route=\/wp\/v2\/pages\/11760"}],"wp:attachment":[{"href":"https:\/\/www.rarom.ro\/index.php?rest_route=%2Fwp%2Fv2%2Fmedia&parent=11825"}],"curies":[{"name":"wp","href":"https:\/\/api.w.org\/{rel}","templated":true}]}}