{"id":11804,"date":"2021-10-05T15:45:14","date_gmt":"2021-10-05T12:45:14","guid":{"rendered":"https:\/\/www.rarom.ro\/?page_id=11804"},"modified":"2021-10-05T16:06:41","modified_gmt":"2021-10-05T13:06:41","slug":"eveniment","status":"publish","type":"page","link":"https:\/\/www.rarom.ro\/?page_id=11804","title":{"rendered":"Eveniment"},"content":{"rendered":"<p><strong>Porsche E-Mobility<\/strong><\/p>\n<p style=\"text-align: justify;\"><a href=\"https:\/\/www.rarom.ro\/wp-content\/uploads\/2021\/10\/Eveniment-mare.jpg\"><img loading=\"lazy\" decoding=\"async\" class=\"alignleft size-full wp-image-11806\" src=\"https:\/\/www.rarom.ro\/wp-content\/uploads\/2021\/10\/Eveniment-mare.jpg\" alt=\"\" width=\"730\" height=\"450\" srcset=\"https:\/\/www.rarom.ro\/wp-content\/uploads\/2021\/10\/Eveniment-mare.jpg 730w, https:\/\/www.rarom.ro\/wp-content\/uploads\/2021\/10\/Eveniment-mare-300x185.jpg 300w\" sizes=\"auto, (max-width: 730px) 100vw, 730px\" \/><\/a> <img loading=\"lazy\" decoding=\"async\" class=\"alignleft size-full wp-image-11808\" src=\"https:\/\/www.rarom.ro\/wp-content\/uploads\/2021\/10\/Eveniment-pagini.jpg\" alt=\"\" width=\"250\" height=\"165\" \/>\u00a0Porsche mizeaz\u0103 pe electric, dar o face \u00een stilul propriu. La doi ani de la lansarea lui Taycan, primul model 100% electric produs de Porsche, am mers \u00een Republica Ceh\u0103 pentru a testa cele mai noi variante ale acestuia. [&#8230;]<\/p>\n","protected":false},"excerpt":{"rendered":"<p>Porsche E-Mobility \u00a0Porsche mizeaz\u0103 pe electric, dar o face \u00een stilul propriu. La doi ani de la lansarea lui Taycan, primul model 100% electric produs de Porsche, am mers \u00een Republica Ceh\u0103 pentru a testa cele mai noi variante ale acestuia. [&#8230;]<\/p>\n","protected":false},"author":3,"featured_media":0,"parent":11760,"menu_order":2,"comment_status":"closed","ping_status":"closed","template":"","meta":{"_acf_changed":false,"footnotes":""},"class_list":["post-11804","page","type-page","status-publish","hentry"],"acf":[],"_links":{"self":[{"href":"https:\/\/www.rarom.ro\/index.php?rest_route=\/wp\/v2\/pages\/11804","targetHints":{"allow":["GET"]}}],"collection":[{"href":"https:\/\/www.rarom.ro\/index.php?rest_route=\/wp\/v2\/pages"}],"about":[{"href":"https:\/\/www.rarom.ro\/index.php?rest_route=\/wp\/v2\/types\/page"}],"author":[{"embeddable":true,"href":"https:\/\/www.rarom.ro\/index.php?rest_route=\/wp\/v2\/users\/3"}],"replies":[{"embeddable":true,"href":"https:\/\/www.rarom.ro\/index.php?rest_route=%2Fwp%2Fv2%2Fcomments&post=11804"}],"version-history":[{"count":3,"href":"https:\/\/www.rarom.ro\/index.php?rest_route=\/wp\/v2\/pages\/11804\/revisions"}],"predecessor-version":[{"id":11811,"href":"https:\/\/www.rarom.ro\/index.php?rest_route=\/wp\/v2\/pages\/11804\/revisions\/11811"}],"up":[{"embeddable":true,"href":"https:\/\/www.rarom.ro\/index.php?rest_route=\/wp\/v2\/pages\/11760"}],"wp:attachment":[{"href":"https:\/\/www.rarom.ro\/index.php?rest_route=%2Fwp%2Fv2%2Fmedia&parent=11804"}],"curies":[{"name":"wp","href":"https:\/\/api.w.org\/{rel}","templated":true}]}}