{"id":11637,"date":"2021-09-07T11:57:36","date_gmt":"2021-09-07T08:57:36","guid":{"rendered":"https:\/\/www.rarom.ro\/?page_id=11637"},"modified":"2021-12-08T12:20:14","modified_gmt":"2021-12-08T10:20:14","slug":"design","status":"publish","type":"page","link":"https:\/\/www.rarom.ro\/?page_id=11637","title":{"rendered":"Design"},"content":{"rendered":"<p><strong>Pininfarina Teorema<\/strong><\/p>\n<p><a href=\"https:\/\/www.rarom.ro\/wp-content\/uploads\/2021\/09\/Design-mare.jpg\"><img loading=\"lazy\" decoding=\"async\" class=\"size-full wp-image-11638 aligncenter\" src=\"https:\/\/www.rarom.ro\/wp-content\/uploads\/2021\/09\/Design-mare.jpg\" alt=\"\" width=\"730\" height=\"450\" srcset=\"https:\/\/www.rarom.ro\/wp-content\/uploads\/2021\/09\/Design-mare.jpg 730w, https:\/\/www.rarom.ro\/wp-content\/uploads\/2021\/09\/Design-mare-300x185.jpg 300w\" sizes=\"auto, (max-width: 730px) 100vw, 730px\" \/><\/a><\/p>\n<p style=\"text-align: justify;\"><img loading=\"lazy\" decoding=\"async\" class=\"alignleft size-full wp-image-11640\" src=\"https:\/\/www.rarom.ro\/wp-content\/uploads\/2021\/09\/Design-pagini.jpg\" alt=\"\" width=\"250\" height=\"165\" \/>Pininfarina a prezentat ultimul s\u0103u concept, intitulat Teorema, \u00eentr-un univers virtual, mediu \u00een care a \u0219i fost dezvoltat\u0103 aceast\u0103 propunere care surprinde foarte pl\u0103cut prin modul \u00een care ne prezint\u0103 un poten\u021bial \u0219i atractiv viitor din industria auto. [&#8230;]<\/p>\n","protected":false},"excerpt":{"rendered":"<p>Pininfarina Teorema Pininfarina a prezentat ultimul s\u0103u concept, intitulat Teorema, \u00eentr-un univers virtual, mediu \u00een care a \u0219i fost dezvoltat\u0103 aceast\u0103 propunere care surprinde foarte pl\u0103cut prin modul \u00een care ne prezint\u0103 un poten\u021bial \u0219i atractiv viitor din industria auto. [&#8230;]<\/p>\n","protected":false},"author":3,"featured_media":0,"parent":11588,"menu_order":3,"comment_status":"closed","ping_status":"closed","template":"","meta":{"_acf_changed":false,"footnotes":""},"class_list":["post-11637","page","type-page","status-publish","hentry"],"acf":[],"_links":{"self":[{"href":"https:\/\/www.rarom.ro\/index.php?rest_route=\/wp\/v2\/pages\/11637","targetHints":{"allow":["GET"]}}],"collection":[{"href":"https:\/\/www.rarom.ro\/index.php?rest_route=\/wp\/v2\/pages"}],"about":[{"href":"https:\/\/www.rarom.ro\/index.php?rest_route=\/wp\/v2\/types\/page"}],"author":[{"embeddable":true,"href":"https:\/\/www.rarom.ro\/index.php?rest_route=\/wp\/v2\/users\/3"}],"replies":[{"embeddable":true,"href":"https:\/\/www.rarom.ro\/index.php?rest_route=%2Fwp%2Fv2%2Fcomments&post=11637"}],"version-history":[{"count":1,"href":"https:\/\/www.rarom.ro\/index.php?rest_route=\/wp\/v2\/pages\/11637\/revisions"}],"predecessor-version":[{"id":11642,"href":"https:\/\/www.rarom.ro\/index.php?rest_route=\/wp\/v2\/pages\/11637\/revisions\/11642"}],"up":[{"embeddable":true,"href":"https:\/\/www.rarom.ro\/index.php?rest_route=\/wp\/v2\/pages\/11588"}],"wp:attachment":[{"href":"https:\/\/www.rarom.ro\/index.php?rest_route=%2Fwp%2Fv2%2Fmedia&parent=11637"}],"curies":[{"name":"wp","href":"https:\/\/api.w.org\/{rel}","templated":true}]}}