{"id":11461,"date":"2021-07-06T15:20:50","date_gmt":"2021-07-06T12:20:50","guid":{"rendered":"https:\/\/www.rarom.ro\/?page_id=11461"},"modified":"2021-07-07T09:28:10","modified_gmt":"2021-07-07T06:28:10","slug":"eveniment","status":"publish","type":"page","link":"https:\/\/www.rarom.ro\/?page_id=11461","title":{"rendered":"Eveniment"},"content":{"rendered":"<p><strong>Utilitare Renault<\/strong><\/p>\n<p><a href=\"https:\/\/www.rarom.ro\/wp-content\/uploads\/2021\/07\/Eveniment-mare.jpg\"><img loading=\"lazy\" decoding=\"async\" class=\"size-full wp-image-11464 aligncenter\" src=\"https:\/\/www.rarom.ro\/wp-content\/uploads\/2021\/07\/Eveniment-mare.jpg\" alt=\"\" width=\"730\" height=\"450\" srcset=\"https:\/\/www.rarom.ro\/wp-content\/uploads\/2021\/07\/Eveniment-mare.jpg 730w, https:\/\/www.rarom.ro\/wp-content\/uploads\/2021\/07\/Eveniment-mare-300x185.jpg 300w\" sizes=\"auto, (max-width: 730px) 100vw, 730px\" \/><\/a><\/p>\n<p style=\"text-align: justify;\"><img loading=\"lazy\" decoding=\"async\" class=\"alignleft size-full wp-image-11466\" src=\"https:\/\/www.rarom.ro\/wp-content\/uploads\/2021\/07\/Eveniment-pagini.jpg\" alt=\"\" width=\"250\" height=\"165\" \/>G\u00e2ndite s\u0103 se adapteze afacerilor de orice calibru, noile modele Express Van, Kangoo Van \u0219i Kangoo abund\u0103 \u00een aspecte menite s\u0103 u\u015fureze munca, dar \u015fi pl\u0103cerea de a c\u0103l\u0103tori. [&#8230;]<\/p>\n","protected":false},"excerpt":{"rendered":"<p>Utilitare Renault G\u00e2ndite s\u0103 se adapteze afacerilor de orice calibru, noile modele Express Van, Kangoo Van \u0219i Kangoo abund\u0103 \u00een aspecte menite s\u0103 u\u015fureze munca, dar \u015fi pl\u0103cerea de a c\u0103l\u0103tori. [&#8230;]<\/p>\n","protected":false},"author":3,"featured_media":0,"parent":11397,"menu_order":4,"comment_status":"closed","ping_status":"closed","template":"","meta":{"_acf_changed":false,"footnotes":""},"class_list":["post-11461","page","type-page","status-publish","hentry"],"acf":[],"_links":{"self":[{"href":"https:\/\/www.rarom.ro\/index.php?rest_route=\/wp\/v2\/pages\/11461","targetHints":{"allow":["GET"]}}],"collection":[{"href":"https:\/\/www.rarom.ro\/index.php?rest_route=\/wp\/v2\/pages"}],"about":[{"href":"https:\/\/www.rarom.ro\/index.php?rest_route=\/wp\/v2\/types\/page"}],"author":[{"embeddable":true,"href":"https:\/\/www.rarom.ro\/index.php?rest_route=\/wp\/v2\/users\/3"}],"replies":[{"embeddable":true,"href":"https:\/\/www.rarom.ro\/index.php?rest_route=%2Fwp%2Fv2%2Fcomments&post=11461"}],"version-history":[{"count":3,"href":"https:\/\/www.rarom.ro\/index.php?rest_route=\/wp\/v2\/pages\/11461\/revisions"}],"predecessor-version":[{"id":11468,"href":"https:\/\/www.rarom.ro\/index.php?rest_route=\/wp\/v2\/pages\/11461\/revisions\/11468"}],"up":[{"embeddable":true,"href":"https:\/\/www.rarom.ro\/index.php?rest_route=\/wp\/v2\/pages\/11397"}],"wp:attachment":[{"href":"https:\/\/www.rarom.ro\/index.php?rest_route=%2Fwp%2Fv2%2Fmedia&parent=11461"}],"curies":[{"name":"wp","href":"https:\/\/api.w.org\/{rel}","templated":true}]}}