{"id":11449,"date":"2021-07-06T15:15:20","date_gmt":"2021-07-06T12:15:20","guid":{"rendered":"https:\/\/www.rarom.ro\/?page_id=11449"},"modified":"2021-07-07T09:50:55","modified_gmt":"2021-07-07T06:50:55","slug":"interviu","status":"publish","type":"page","link":"https:\/\/www.rarom.ro\/?page_id=11449","title":{"rendered":"Interviu"},"content":{"rendered":"<p><strong>Interviu: Profesor emerit, Dr. Ing. DHC Gheorghe-Alexandru Radu<\/strong><\/p>\n<p><a href=\"https:\/\/www.rarom.ro\/wp-content\/uploads\/2021\/07\/Interviu-mare.jpg\"><img loading=\"lazy\" decoding=\"async\" class=\"size-full wp-image-11450 aligncenter\" src=\"https:\/\/www.rarom.ro\/wp-content\/uploads\/2021\/07\/Interviu-mare.jpg\" alt=\"\" width=\"730\" height=\"450\" srcset=\"https:\/\/www.rarom.ro\/wp-content\/uploads\/2021\/07\/Interviu-mare.jpg 730w, https:\/\/www.rarom.ro\/wp-content\/uploads\/2021\/07\/Interviu-mare-300x185.jpg 300w\" sizes=\"auto, (max-width: 730px) 100vw, 730px\" \/><\/a><\/p>\n<p style=\"text-align: justify;\"><img loading=\"lazy\" decoding=\"async\" class=\"alignleft size-full wp-image-11452\" src=\"https:\/\/www.rarom.ro\/wp-content\/uploads\/2021\/07\/Interviu-pagini.jpg\" alt=\"\" width=\"250\" height=\"165\" \/>Citim cu mare emo\u021bie \u0219i admira\u021bie cele nou\u0103 pagini ale CV-ului \u0219i ne minun\u0103m de c\u00e2t noroc au avut studen\u021bii din cele 61 de promo\u021bii care au \u00eenv\u0103\u021bat cu profesorul Gheorghe-Alexandru Radu. Este doctor \u00een \u0219tiin\u021be tehnice, a fost decan al Facult\u0103\u021bii de Inginerie Mecanic\u0103, membru \u00een mai multe organiza\u021bii interna\u021bionale \u0219i are peste 150 de lucr\u0103ri publicate, multe dintre ele \u00een reviste prestigioase, \u00eenc\u0103 dinainte de 1989. Ca s\u0103 nu mai vorbim de cele dou\u0103 titluri de &#8222;Doctor Honoris Causa&#8221; \u0219i de particip\u0103rile la numeroase conferin\u021be interna\u021bionale. Dincolo de titluri \u0219i realiz\u0103ri, ar mai fi de subliniat \u0219i pasiunea pentru profesie. Gheorghe-Alexandru Radu are 80 de ani \u0219i continu\u0103 s\u0103 predea la catedr\u0103 \u0219i s\u0103-\u0219i inspire studen\u021bii. [&#8230;]<\/p>\n","protected":false},"excerpt":{"rendered":"<p>Interviu: Profesor emerit, Dr. Ing. DHC Gheorghe-Alexandru Radu Citim cu mare emo\u021bie \u0219i admira\u021bie cele nou\u0103 pagini ale CV-ului \u0219i ne minun\u0103m de c\u00e2t noroc au avut studen\u021bii din cele 61 de promo\u021bii care au \u00eenv\u0103\u021bat cu profesorul Gheorghe-Alexandru Radu. Este doctor \u00een \u0219tiin\u021be tehnice, a fost decan al Facult\u0103\u021bii de Inginerie Mecanic\u0103, membru \u00een [&hellip;]<\/p>\n","protected":false},"author":3,"featured_media":0,"parent":11397,"menu_order":2,"comment_status":"closed","ping_status":"closed","template":"","meta":{"_acf_changed":false,"footnotes":""},"class_list":["post-11449","page","type-page","status-publish","hentry"],"acf":[],"_links":{"self":[{"href":"https:\/\/www.rarom.ro\/index.php?rest_route=\/wp\/v2\/pages\/11449","targetHints":{"allow":["GET"]}}],"collection":[{"href":"https:\/\/www.rarom.ro\/index.php?rest_route=\/wp\/v2\/pages"}],"about":[{"href":"https:\/\/www.rarom.ro\/index.php?rest_route=\/wp\/v2\/types\/page"}],"author":[{"embeddable":true,"href":"https:\/\/www.rarom.ro\/index.php?rest_route=\/wp\/v2\/users\/3"}],"replies":[{"embeddable":true,"href":"https:\/\/www.rarom.ro\/index.php?rest_route=%2Fwp%2Fv2%2Fcomments&post=11449"}],"version-history":[{"count":2,"href":"https:\/\/www.rarom.ro\/index.php?rest_route=\/wp\/v2\/pages\/11449\/revisions"}],"predecessor-version":[{"id":11501,"href":"https:\/\/www.rarom.ro\/index.php?rest_route=\/wp\/v2\/pages\/11449\/revisions\/11501"}],"up":[{"embeddable":true,"href":"https:\/\/www.rarom.ro\/index.php?rest_route=\/wp\/v2\/pages\/11397"}],"wp:attachment":[{"href":"https:\/\/www.rarom.ro\/index.php?rest_route=%2Fwp%2Fv2%2Fmedia&parent=11449"}],"curies":[{"name":"wp","href":"https:\/\/api.w.org\/{rel}","templated":true}]}}