{"id":11429,"date":"2021-07-06T15:05:05","date_gmt":"2021-07-06T12:05:05","guid":{"rendered":"https:\/\/www.rarom.ro\/?page_id=11429"},"modified":"2021-07-07T09:26:08","modified_gmt":"2021-07-07T06:26:08","slug":"nissan-juke","status":"publish","type":"page","link":"https:\/\/www.rarom.ro\/?page_id=11429","title":{"rendered":"Nissan Juke"},"content":{"rendered":"<p><strong>Test: Nissan Juke<\/strong><\/p>\n<p><a href=\"https:\/\/www.rarom.ro\/wp-content\/uploads\/2021\/07\/Test-Nissan-mare.jpg\"><img loading=\"lazy\" decoding=\"async\" class=\"size-full wp-image-11431 aligncenter\" src=\"https:\/\/www.rarom.ro\/wp-content\/uploads\/2021\/07\/Test-Nissan-mare.jpg\" alt=\"\" width=\"730\" height=\"450\" srcset=\"https:\/\/www.rarom.ro\/wp-content\/uploads\/2021\/07\/Test-Nissan-mare.jpg 730w, https:\/\/www.rarom.ro\/wp-content\/uploads\/2021\/07\/Test-Nissan-mare-300x185.jpg 300w\" sizes=\"auto, (max-width: 730px) 100vw, 730px\" \/><\/a><\/p>\n<p style=\"text-align: justify;\"><img loading=\"lazy\" decoding=\"async\" class=\"alignleft size-full wp-image-11433\" src=\"https:\/\/www.rarom.ro\/wp-content\/uploads\/2021\/07\/Test-Nissan-pagini.jpg\" alt=\"\" width=\"250\" height=\"165\" \/>Un fapt interesant atunci c\u00e2nd a fost proiectat Juke este c\u0103 a fost considerat un continuator al lui Qashqai, \u00eens\u0103, dup\u0103 ce a fost scos \u00een luminile reflectoarelor, mul\u021bi l-au identificat mai mult cu un soi de mini Murano, dar mai stilizat un pic. Iar designul de la ora actual\u0103 r\u0103m\u00e2ne \u00een continuare \u00eendr\u0103zne\u021b, \u00eens\u0103 mult mai calm din punct de vedere al extravagan\u021bei ini\u021biale. [&#8230;]<\/p>\n","protected":false},"excerpt":{"rendered":"<p>Test: Nissan Juke Un fapt interesant atunci c\u00e2nd a fost proiectat Juke este c\u0103 a fost considerat un continuator al lui Qashqai, \u00eens\u0103, dup\u0103 ce a fost scos \u00een luminile reflectoarelor, mul\u021bi l-au identificat mai mult cu un soi de mini Murano, dar mai stilizat un pic. Iar designul de la ora actual\u0103 r\u0103m\u00e2ne \u00een [&hellip;]<\/p>\n","protected":false},"author":3,"featured_media":0,"parent":11404,"menu_order":4,"comment_status":"closed","ping_status":"closed","template":"","meta":{"_acf_changed":false,"footnotes":""},"class_list":["post-11429","page","type-page","status-publish","hentry"],"acf":[],"_links":{"self":[{"href":"https:\/\/www.rarom.ro\/index.php?rest_route=\/wp\/v2\/pages\/11429","targetHints":{"allow":["GET"]}}],"collection":[{"href":"https:\/\/www.rarom.ro\/index.php?rest_route=\/wp\/v2\/pages"}],"about":[{"href":"https:\/\/www.rarom.ro\/index.php?rest_route=\/wp\/v2\/types\/page"}],"author":[{"embeddable":true,"href":"https:\/\/www.rarom.ro\/index.php?rest_route=\/wp\/v2\/users\/3"}],"replies":[{"embeddable":true,"href":"https:\/\/www.rarom.ro\/index.php?rest_route=%2Fwp%2Fv2%2Fcomments&post=11429"}],"version-history":[{"count":3,"href":"https:\/\/www.rarom.ro\/index.php?rest_route=\/wp\/v2\/pages\/11429\/revisions"}],"predecessor-version":[{"id":11436,"href":"https:\/\/www.rarom.ro\/index.php?rest_route=\/wp\/v2\/pages\/11429\/revisions\/11436"}],"up":[{"embeddable":true,"href":"https:\/\/www.rarom.ro\/index.php?rest_route=\/wp\/v2\/pages\/11404"}],"wp:attachment":[{"href":"https:\/\/www.rarom.ro\/index.php?rest_route=%2Fwp%2Fv2%2Fmedia&parent=11429"}],"curies":[{"name":"wp","href":"https:\/\/api.w.org\/{rel}","templated":true}]}}