{"id":11406,"date":"2021-07-06T12:23:33","date_gmt":"2021-07-06T09:23:33","guid":{"rendered":"https:\/\/www.rarom.ro\/?page_id=11406"},"modified":"2021-07-07T09:23:31","modified_gmt":"2021-07-07T06:23:31","slug":"renault-arkana","status":"publish","type":"page","link":"https:\/\/www.rarom.ro\/?page_id=11406","title":{"rendered":"Renault Arkana"},"content":{"rendered":"<p><strong>Test: Renault Arkana<\/strong><\/p>\n<p><a href=\"https:\/\/www.rarom.ro\/wp-content\/uploads\/2021\/07\/Test-Renault-mare.jpg\"><img loading=\"lazy\" decoding=\"async\" class=\"size-full wp-image-11407 aligncenter\" src=\"https:\/\/www.rarom.ro\/wp-content\/uploads\/2021\/07\/Test-Renault-mare.jpg\" alt=\"\" width=\"730\" height=\"450\" srcset=\"https:\/\/www.rarom.ro\/wp-content\/uploads\/2021\/07\/Test-Renault-mare.jpg 730w, https:\/\/www.rarom.ro\/wp-content\/uploads\/2021\/07\/Test-Renault-mare-300x185.jpg 300w\" sizes=\"auto, (max-width: 730px) 100vw, 730px\" \/><\/a><\/p>\n<p><img loading=\"lazy\" decoding=\"async\" class=\"alignleft size-full wp-image-11409\" src=\"https:\/\/www.rarom.ro\/wp-content\/uploads\/2021\/07\/Test-Renault-pagini.jpg\" alt=\"\" width=\"250\" height=\"165\" \/>Noua direc\u0163ie de dezvoltare asumat\u0103 de Renault, aceea de a se transforma din constructor de automobile \u00een dezvoltator de tehnologii avansate accesibile, este eviden\u0163iat\u0103 de insolitul model Arkana preg\u0103tit pentru pia\u0163a european\u0103. [&#8230;]<\/p>\n","protected":false},"excerpt":{"rendered":"<p>Test: Renault Arkana Noua direc\u0163ie de dezvoltare asumat\u0103 de Renault, aceea de a se transforma din constructor de automobile \u00een dezvoltator de tehnologii avansate accesibile, este eviden\u0163iat\u0103 de insolitul model Arkana preg\u0103tit pentru pia\u0163a european\u0103. [&#8230;]<\/p>\n","protected":false},"author":3,"featured_media":0,"parent":11404,"menu_order":1,"comment_status":"closed","ping_status":"closed","template":"","meta":{"_acf_changed":false,"footnotes":""},"class_list":["post-11406","page","type-page","status-publish","hentry"],"acf":[],"_links":{"self":[{"href":"https:\/\/www.rarom.ro\/index.php?rest_route=\/wp\/v2\/pages\/11406","targetHints":{"allow":["GET"]}}],"collection":[{"href":"https:\/\/www.rarom.ro\/index.php?rest_route=\/wp\/v2\/pages"}],"about":[{"href":"https:\/\/www.rarom.ro\/index.php?rest_route=\/wp\/v2\/types\/page"}],"author":[{"embeddable":true,"href":"https:\/\/www.rarom.ro\/index.php?rest_route=\/wp\/v2\/users\/3"}],"replies":[{"embeddable":true,"href":"https:\/\/www.rarom.ro\/index.php?rest_route=%2Fwp%2Fv2%2Fcomments&post=11406"}],"version-history":[{"count":1,"href":"https:\/\/www.rarom.ro\/index.php?rest_route=\/wp\/v2\/pages\/11406\/revisions"}],"predecessor-version":[{"id":11411,"href":"https:\/\/www.rarom.ro\/index.php?rest_route=\/wp\/v2\/pages\/11406\/revisions\/11411"}],"up":[{"embeddable":true,"href":"https:\/\/www.rarom.ro\/index.php?rest_route=\/wp\/v2\/pages\/11404"}],"wp:attachment":[{"href":"https:\/\/www.rarom.ro\/index.php?rest_route=%2Fwp%2Fv2%2Fmedia&parent=11406"}],"curies":[{"name":"wp","href":"https:\/\/api.w.org\/{rel}","templated":true}]}}