{"id":11376,"date":"2021-07-01T14:56:42","date_gmt":"2021-07-01T11:56:42","guid":{"rendered":"https:\/\/www.rarom.ro\/?page_id=11376"},"modified":"2023-07-11T15:35:04","modified_gmt":"2023-07-11T12:35:04","slug":"programari-inspectori-itp","status":"publish","type":"page","link":"https:\/\/www.rarom.ro\/?page_id=11376","title":{"rendered":"Program\u0103ri inspectori tehnici"},"content":{"rendered":"\n<p class=\"has-text-align-center\"><\/p>\n\n\n\n<p class=\"has-text-align-center\">Momentan, pentru o func\u0163ionare corect\u0103 a aplica\u0163iei, v\u0103 rug\u0103m sa face\u0163i programarea doar de pe un calculator,<br>\u015fi&nbsp;<span style=\"color: #ff0000;\"><strong>nu de pe telefon sau tablet<\/strong><strong>\u0103<\/strong><strong>.<\/strong><\/span><\/p>\n\n\n\n<p class=\"has-text-align-center\">Pentru&nbsp;<strong>\u00eenscrierea online<\/strong>&nbsp;trebuie utilizate numai urm\u0103toarele browsere:<br><strong>Chrome, Safari, Firefox, Opera, Edge,<\/strong><br>iar datele personale&nbsp;<strong>trebuie scrise cu diacritice.<\/strong><\/p>\n\n\n<div class=\"wp-bootstrap-blocks-button text-center\">\n\t<a\n\t\thref=\"https:\/\/examinare.rarom.ro\/apex\/f?p=101:81::::::\"\n\t\t\t\t\ttarget=\"_blank\"\n\t\t\t\t\t\t\trel=\"noreferrer noopener\"\n\t\t\t\tclass=\"btn btn-primary\"\n\t>\n\t\tSolicitare Atestare ITP\t<\/a>\n<\/div>\n\n\n\n<div style=\"height:5px\" aria-hidden=\"true\" class=\"wp-block-spacer\"><\/div>\n\n\n<div class=\"wp-bootstrap-blocks-button text-center\">\n\t<a\n\t\thref=\"https:\/\/examinare.rarom.ro\/apex\/f?p=101:400::::::\"\n\t\t\t\t\ttarget=\"_blank\"\n\t\t\t\t\t\t\trel=\"noreferrer noopener\"\n\t\t\t\tclass=\"btn btn-primary\"\n\t>\n\t\tCompletare dosar Atestare ITP\t<\/a>\n<\/div>\n\n\n\n<div style=\"height:5px\" aria-hidden=\"true\" class=\"wp-block-spacer\"><\/div>\n\n\n<div class=\"wp-bootstrap-blocks-button text-center\">\n\t<a\n\t\thref=\"https:\/\/examinare.rarom.ro\/apex\/f?p=101:79::::::\"\n\t\t\t\t\ttarget=\"_blank\"\n\t\t\t\t\t\t\trel=\"noreferrer noopener\"\n\t\t\t\tclass=\"btn btn-primary\"\n\t>\n\t\tProgramare Reatestare ITP \t<\/a>\n<\/div>\n\n\n\n<div style=\"height:5px\" aria-hidden=\"true\" class=\"wp-block-spacer\"><\/div>\n\n\n<div class=\"wp-bootstrap-blocks-button text-center\">\n\t<a\n\t\thref=\"https:\/\/examinare.rarom.ro\/apex\/f?p=101:96::::::\"\n\t\t\t\t\ttarget=\"_blank\"\n\t\t\t\t\t\t\trel=\"noreferrer noopener\"\n\t\t\t\tclass=\"btn btn-primary\"\n\t>\n\t\tProgramare Extindere ITP\t<\/a>\n<\/div>\n\n\n\n<div style=\"height:5px\" aria-hidden=\"true\" class=\"wp-block-spacer\"><\/div>\n\n\n<div class=\"wp-bootstrap-blocks-button text-center\">\n\t<a\n\t\thref=\"https:\/\/examinare.rarom.ro\/apex\/f?p=100:LOGIN:15488508304761:::::\"\n\t\t\t\t\ttarget=\"_blank\"\n\t\t\t\t\t\t\trel=\"noreferrer noopener\"\n\t\t\t\tclass=\"btn btn-primary\"\n\t>\n\t\tVizualizare Atestate ITP\t<\/a>\n<\/div>\n\n\n\n<div style=\"height:30px\" aria-hidden=\"true\" class=\"wp-block-spacer\"><\/div>\n\n\n\n<div style=\"height:30px\" aria-hidden=\"true\" class=\"wp-block-spacer\"><\/div>\n\n\n\n<p><\/p>\n","protected":false},"excerpt":{"rendered":"<p>Momentan, pentru o func\u0163ionare corect\u0103 a aplica\u0163iei, v\u0103 rug\u0103m sa face\u0163i programarea doar de pe un calculator,\u015fi&nbsp;nu de pe telefon sau tablet\u0103. Pentru&nbsp;\u00eenscrierea online&nbsp;trebuie utilizate numai urm\u0103toarele browsere:Chrome, Safari, Firefox, Opera, Edge,iar datele personale&nbsp;trebuie scrise cu diacritice.<\/p>\n","protected":false},"author":3,"featured_media":0,"parent":1340,"menu_order":1,"comment_status":"closed","ping_status":"closed","template":"","meta":{"_acf_changed":false,"footnotes":""},"class_list":["post-11376","page","type-page","status-publish","hentry"],"acf":[],"_links":{"self":[{"href":"https:\/\/www.rarom.ro\/index.php?rest_route=\/wp\/v2\/pages\/11376","targetHints":{"allow":["GET"]}}],"collection":[{"href":"https:\/\/www.rarom.ro\/index.php?rest_route=\/wp\/v2\/pages"}],"about":[{"href":"https:\/\/www.rarom.ro\/index.php?rest_route=\/wp\/v2\/types\/page"}],"author":[{"embeddable":true,"href":"https:\/\/www.rarom.ro\/index.php?rest_route=\/wp\/v2\/users\/3"}],"replies":[{"embeddable":true,"href":"https:\/\/www.rarom.ro\/index.php?rest_route=%2Fwp%2Fv2%2Fcomments&post=11376"}],"version-history":[{"count":17,"href":"https:\/\/www.rarom.ro\/index.php?rest_route=\/wp\/v2\/pages\/11376\/revisions"}],"predecessor-version":[{"id":294317,"href":"https:\/\/www.rarom.ro\/index.php?rest_route=\/wp\/v2\/pages\/11376\/revisions\/294317"}],"up":[{"embeddable":true,"href":"https:\/\/www.rarom.ro\/index.php?rest_route=\/wp\/v2\/pages\/1340"}],"wp:attachment":[{"href":"https:\/\/www.rarom.ro\/index.php?rest_route=%2Fwp%2Fv2%2Fmedia&parent=11376"}],"curies":[{"name":"wp","href":"https:\/\/api.w.org\/{rel}","templated":true}]}}