{"id":11336,"date":"2021-06-22T09:48:16","date_gmt":"2021-06-22T06:48:16","guid":{"rendered":"https:\/\/www.rarom.ro\/?page_id=11336"},"modified":"2026-01-15T11:04:56","modified_gmt":"2026-01-15T09:04:56","slug":"declaratii-de-avere-si-de-interese-2020","status":"publish","type":"page","link":"https:\/\/www.rarom.ro\/?page_id=11336","title":{"rendered":"Declara\u0163ii de avere \u015fi interese 2020"},"content":{"rendered":"<table border=\"1\" width=\"100%\" cellspacing=\"0\" cellpadding=\"4\">\n<tbody>\n<tr align=\"center\" valign=\"middle\" bgcolor=\"#eeeeee\">\n<td width=\"5%\">\n<div align=\"center\"><strong>Nr. crt.<\/strong><\/div>\n<\/td>\n<td width=\"23%\">\n<div align=\"center\"><strong>Numele \u015fi prenumele<\/strong><\/div>\n<\/td>\n<td width=\"25%\">\n<div align=\"center\"><strong>Calitatea<\/strong><\/div>\n<\/td>\n<td width=\"28%\">\n<div align=\"center\"><strong>Declara\u0163ii de avere<\/strong><br \/>\n<strong> \u015fi interese<\/strong><\/div>\n<\/td>\n<\/tr>\n<tr>\n<td>\n<div align=\"center\">1.<\/div>\n<\/td>\n<td>Mavrodin Tiberiu Valentin<\/td>\n<td>membru &#8211;\u00a0reprezentant MFP<\/td>\n<td><a href=\"https:\/\/www.rarom.ro\/wp-content\/uploads\/2021\/06\/MavrodinValentin-1_15-06-2021.pdf\">\u2013 declara\u0163ie de avere<\/a><\/p>\n<p><a href=\"https:\/\/www.rarom.ro\/wp-content\/uploads\/2021\/06\/MavrodinValentin-2_15-06-2021.pdf\">\u2013 declara\u0163ie de interese<\/a><\/td>\n<\/tr>\n<\/tbody>\n<\/table>\n","protected":false},"excerpt":{"rendered":"<p>Nr. crt. Numele \u015fi prenumele Calitatea Declara\u0163ii de avere \u015fi interese 1. Mavrodin Tiberiu Valentin membru &#8211;\u00a0reprezentant MFP \u2013 declara\u0163ie de avere \u2013 declara\u0163ie de interese<\/p>\n","protected":false},"author":3,"featured_media":0,"parent":1297,"menu_order":9981,"comment_status":"closed","ping_status":"closed","template":"","meta":{"_acf_changed":false,"footnotes":""},"class_list":["post-11336","page","type-page","status-publish","hentry"],"acf":[],"_links":{"self":[{"href":"https:\/\/www.rarom.ro\/index.php?rest_route=\/wp\/v2\/pages\/11336","targetHints":{"allow":["GET"]}}],"collection":[{"href":"https:\/\/www.rarom.ro\/index.php?rest_route=\/wp\/v2\/pages"}],"about":[{"href":"https:\/\/www.rarom.ro\/index.php?rest_route=\/wp\/v2\/types\/page"}],"author":[{"embeddable":true,"href":"https:\/\/www.rarom.ro\/index.php?rest_route=\/wp\/v2\/users\/3"}],"replies":[{"embeddable":true,"href":"https:\/\/www.rarom.ro\/index.php?rest_route=%2Fwp%2Fv2%2Fcomments&post=11336"}],"version-history":[{"count":9,"href":"https:\/\/www.rarom.ro\/index.php?rest_route=\/wp\/v2\/pages\/11336\/revisions"}],"predecessor-version":[{"id":296421,"href":"https:\/\/www.rarom.ro\/index.php?rest_route=\/wp\/v2\/pages\/11336\/revisions\/296421"}],"up":[{"embeddable":true,"href":"https:\/\/www.rarom.ro\/index.php?rest_route=\/wp\/v2\/pages\/1297"}],"wp:attachment":[{"href":"https:\/\/www.rarom.ro\/index.php?rest_route=%2Fwp%2Fv2%2Fmedia&parent=11336"}],"curies":[{"name":"wp","href":"https:\/\/api.w.org\/{rel}","templated":true}]}}