{"id":11241,"date":"2021-06-03T16:06:39","date_gmt":"2021-06-03T13:06:39","guid":{"rendered":"https:\/\/www.rarom.ro\/?page_id=11241"},"modified":"2021-06-04T08:59:36","modified_gmt":"2021-06-04T05:59:36","slug":"portret","status":"publish","type":"page","link":"https:\/\/www.rarom.ro\/?page_id=11241","title":{"rendered":"Portret"},"content":{"rendered":"<p><strong>Marin Dumitrescu 1919-2021<\/strong><\/p>\n<p><a href=\"https:\/\/www.rarom.ro\/wp-content\/uploads\/2021\/06\/Portret-mare.jpg\"><img loading=\"lazy\" decoding=\"async\" class=\"size-full wp-image-11242 aligncenter\" src=\"https:\/\/www.rarom.ro\/wp-content\/uploads\/2021\/06\/Portret-mare.jpg\" alt=\"\" width=\"730\" height=\"450\" srcset=\"https:\/\/www.rarom.ro\/wp-content\/uploads\/2021\/06\/Portret-mare.jpg 730w, https:\/\/www.rarom.ro\/wp-content\/uploads\/2021\/06\/Portret-mare-300x185.jpg 300w\" sizes=\"auto, (max-width: 730px) 100vw, 730px\" \/><\/a><\/p>\n<p style=\"text-align: justify;\"><img loading=\"lazy\" decoding=\"async\" class=\"alignleft size-full wp-image-11244\" src=\"https:\/\/www.rarom.ro\/wp-content\/uploads\/2021\/06\/Portret-pagini.jpg\" alt=\"\" width=\"250\" height=\"165\" \/>Legendarul pilot rom\u00e2n Marin Dumitrescu s-a stins din via\u021b\u0103 la 102 ani. N\u0103scut pe 19 ianuarie 1919, s-a remarcat \u00een lumea sportului cu motor la volanul modelelor BMW. [&#8230;]<\/p>\n","protected":false},"excerpt":{"rendered":"<p>Marin Dumitrescu 1919-2021 Legendarul pilot rom\u00e2n Marin Dumitrescu s-a stins din via\u021b\u0103 la 102 ani. N\u0103scut pe 19 ianuarie 1919, s-a remarcat \u00een lumea sportului cu motor la volanul modelelor BMW. [&#8230;]<\/p>\n","protected":false},"author":3,"featured_media":0,"parent":11189,"menu_order":5,"comment_status":"closed","ping_status":"closed","template":"","meta":{"_acf_changed":false,"footnotes":""},"class_list":["post-11241","page","type-page","status-publish","hentry"],"acf":[],"_links":{"self":[{"href":"https:\/\/www.rarom.ro\/index.php?rest_route=\/wp\/v2\/pages\/11241","targetHints":{"allow":["GET"]}}],"collection":[{"href":"https:\/\/www.rarom.ro\/index.php?rest_route=\/wp\/v2\/pages"}],"about":[{"href":"https:\/\/www.rarom.ro\/index.php?rest_route=\/wp\/v2\/types\/page"}],"author":[{"embeddable":true,"href":"https:\/\/www.rarom.ro\/index.php?rest_route=\/wp\/v2\/users\/3"}],"replies":[{"embeddable":true,"href":"https:\/\/www.rarom.ro\/index.php?rest_route=%2Fwp%2Fv2%2Fcomments&post=11241"}],"version-history":[{"count":1,"href":"https:\/\/www.rarom.ro\/index.php?rest_route=\/wp\/v2\/pages\/11241\/revisions"}],"predecessor-version":[{"id":11246,"href":"https:\/\/www.rarom.ro\/index.php?rest_route=\/wp\/v2\/pages\/11241\/revisions\/11246"}],"up":[{"embeddable":true,"href":"https:\/\/www.rarom.ro\/index.php?rest_route=\/wp\/v2\/pages\/11189"}],"wp:attachment":[{"href":"https:\/\/www.rarom.ro\/index.php?rest_route=%2Fwp%2Fv2%2Fmedia&parent=11241"}],"curies":[{"name":"wp","href":"https:\/\/api.w.org\/{rel}","templated":true}]}}