{"id":11223,"date":"2021-06-03T15:59:55","date_gmt":"2021-06-03T12:59:55","guid":{"rendered":"https:\/\/www.rarom.ro\/?page_id=11223"},"modified":"2021-06-04T08:59:10","modified_gmt":"2021-06-04T05:59:10","slug":"interviu","status":"publish","type":"page","link":"https:\/\/www.rarom.ro\/?page_id=11223","title":{"rendered":"Interviu"},"content":{"rendered":"<p><strong>Interviu: Nicolas Leitienne<\/strong><\/p>\n<p><a href=\"https:\/\/www.rarom.ro\/wp-content\/uploads\/2021\/06\/Interviu-mare.jpg\"><img loading=\"lazy\" decoding=\"async\" class=\"size-full wp-image-11224 aligncenter\" src=\"https:\/\/www.rarom.ro\/wp-content\/uploads\/2021\/06\/Interviu-mare.jpg\" alt=\"\" width=\"730\" height=\"450\" srcset=\"https:\/\/www.rarom.ro\/wp-content\/uploads\/2021\/06\/Interviu-mare.jpg 730w, https:\/\/www.rarom.ro\/wp-content\/uploads\/2021\/06\/Interviu-mare-300x185.jpg 300w\" sizes=\"auto, (max-width: 730px) 100vw, 730px\" \/><\/a><\/p>\n<p style=\"text-align: justify;\"><img loading=\"lazy\" decoding=\"async\" class=\"alignleft size-full wp-image-11226\" src=\"https:\/\/www.rarom.ro\/wp-content\/uploads\/2021\/06\/Interviu-pagini.jpg\" alt=\"\" width=\"250\" height=\"165\" \/>Ultimele opt luni au adus multe provoc\u0103ri \u00een via\u021ba celui mai cunoscut constructor auto din Rom\u00e2nia. La finalul anului trecut au fost lansate modelele Logan \u0219i Sandero, iar \u00een prim\u0103vara anului 2021 au \u00eenceput precomenzile la Dacia Spring, o ma\u0219in\u0103 a\u0219teptat\u0103 cu mare interes pe pia\u021ba din Rom\u00e2nia, dar \u0219i \u00een mai multe \u021b\u0103ri din Europa. Care sunt planurile \u0219i obiectivele Dacia? Ne-a oferit detalii, \u00eentr-un interviu exclusiv, Nicolas Leitienne, Director de Marketing al m\u0103rcii Dacia pentru Europa de Sud-Est. [&#8230;]<\/p>\n","protected":false},"excerpt":{"rendered":"<p>Interviu: Nicolas Leitienne Ultimele opt luni au adus multe provoc\u0103ri \u00een via\u021ba celui mai cunoscut constructor auto din Rom\u00e2nia. La finalul anului trecut au fost lansate modelele Logan \u0219i Sandero, iar \u00een prim\u0103vara anului 2021 au \u00eenceput precomenzile la Dacia Spring, o ma\u0219in\u0103 a\u0219teptat\u0103 cu mare interes pe pia\u021ba din Rom\u00e2nia, dar \u0219i \u00een mai [&hellip;]<\/p>\n","protected":false},"author":3,"featured_media":0,"parent":11189,"menu_order":2,"comment_status":"closed","ping_status":"closed","template":"","meta":{"_acf_changed":false,"footnotes":""},"class_list":["post-11223","page","type-page","status-publish","hentry"],"acf":[],"_links":{"self":[{"href":"https:\/\/www.rarom.ro\/index.php?rest_route=\/wp\/v2\/pages\/11223","targetHints":{"allow":["GET"]}}],"collection":[{"href":"https:\/\/www.rarom.ro\/index.php?rest_route=\/wp\/v2\/pages"}],"about":[{"href":"https:\/\/www.rarom.ro\/index.php?rest_route=\/wp\/v2\/types\/page"}],"author":[{"embeddable":true,"href":"https:\/\/www.rarom.ro\/index.php?rest_route=\/wp\/v2\/users\/3"}],"replies":[{"embeddable":true,"href":"https:\/\/www.rarom.ro\/index.php?rest_route=%2Fwp%2Fv2%2Fcomments&post=11223"}],"version-history":[{"count":1,"href":"https:\/\/www.rarom.ro\/index.php?rest_route=\/wp\/v2\/pages\/11223\/revisions"}],"predecessor-version":[{"id":11228,"href":"https:\/\/www.rarom.ro\/index.php?rest_route=\/wp\/v2\/pages\/11223\/revisions\/11228"}],"up":[{"embeddable":true,"href":"https:\/\/www.rarom.ro\/index.php?rest_route=\/wp\/v2\/pages\/11189"}],"wp:attachment":[{"href":"https:\/\/www.rarom.ro\/index.php?rest_route=%2Fwp%2Fv2%2Fmedia&parent=11223"}],"curies":[{"name":"wp","href":"https:\/\/api.w.org\/{rel}","templated":true}]}}