{"id":11211,"date":"2021-06-03T15:53:45","date_gmt":"2021-06-03T12:53:45","guid":{"rendered":"https:\/\/www.rarom.ro\/?page_id=11211"},"modified":"2021-06-04T08:58:34","modified_gmt":"2021-06-04T05:58:34","slug":"porsche-taycan-4s","status":"publish","type":"page","link":"https:\/\/www.rarom.ro\/?page_id=11211","title":{"rendered":"Porsche Taycan 4S"},"content":{"rendered":"<p><strong>Test: Porsche Taycan 4S<\/strong><\/p>\n<p><a href=\"https:\/\/www.rarom.ro\/wp-content\/uploads\/2021\/06\/Test-Porsche-mare.jpg\"><img loading=\"lazy\" decoding=\"async\" class=\"size-full wp-image-11212 aligncenter\" src=\"https:\/\/www.rarom.ro\/wp-content\/uploads\/2021\/06\/Test-Porsche-mare.jpg\" alt=\"\" width=\"730\" height=\"450\" srcset=\"https:\/\/www.rarom.ro\/wp-content\/uploads\/2021\/06\/Test-Porsche-mare.jpg 730w, https:\/\/www.rarom.ro\/wp-content\/uploads\/2021\/06\/Test-Porsche-mare-300x185.jpg 300w\" sizes=\"auto, (max-width: 730px) 100vw, 730px\" \/><\/a><\/p>\n<p style=\"text-align: justify;\"><img loading=\"lazy\" decoding=\"async\" class=\"alignleft size-full wp-image-11214\" src=\"https:\/\/www.rarom.ro\/wp-content\/uploads\/2021\/06\/Test-Porsche-pagini.jpg\" alt=\"\" width=\"250\" height=\"165\" \/>\u00cen spatele volanului am trecut prin multe experien\u021be pe autovehicule cu trac\u021biune integral\u0103, de la Roman 6&#215;6, la Audi Quattro, ma\u0219ini de raliu \u0219i p\u00e2n\u0103 la Lamborghini Aventador. \u00cens\u0103 Porsche Taycan este prima sportiv\u0103 pur electric\u0103. [&#8230;]<\/p>\n","protected":false},"excerpt":{"rendered":"<p>Test: Porsche Taycan 4S \u00cen spatele volanului am trecut prin multe experien\u021be pe autovehicule cu trac\u021biune integral\u0103, de la Roman 6&#215;6, la Audi Quattro, ma\u0219ini de raliu \u0219i p\u00e2n\u0103 la Lamborghini Aventador. \u00cens\u0103 Porsche Taycan este prima sportiv\u0103 pur electric\u0103. [&#8230;]<\/p>\n","protected":false},"author":3,"featured_media":0,"parent":11195,"menu_order":3,"comment_status":"closed","ping_status":"closed","template":"","meta":{"_acf_changed":false,"footnotes":""},"class_list":["post-11211","page","type-page","status-publish","hentry"],"acf":[],"_links":{"self":[{"href":"https:\/\/www.rarom.ro\/index.php?rest_route=\/wp\/v2\/pages\/11211","targetHints":{"allow":["GET"]}}],"collection":[{"href":"https:\/\/www.rarom.ro\/index.php?rest_route=\/wp\/v2\/pages"}],"about":[{"href":"https:\/\/www.rarom.ro\/index.php?rest_route=\/wp\/v2\/types\/page"}],"author":[{"embeddable":true,"href":"https:\/\/www.rarom.ro\/index.php?rest_route=\/wp\/v2\/users\/3"}],"replies":[{"embeddable":true,"href":"https:\/\/www.rarom.ro\/index.php?rest_route=%2Fwp%2Fv2%2Fcomments&post=11211"}],"version-history":[{"count":1,"href":"https:\/\/www.rarom.ro\/index.php?rest_route=\/wp\/v2\/pages\/11211\/revisions"}],"predecessor-version":[{"id":11216,"href":"https:\/\/www.rarom.ro\/index.php?rest_route=\/wp\/v2\/pages\/11211\/revisions\/11216"}],"up":[{"embeddable":true,"href":"https:\/\/www.rarom.ro\/index.php?rest_route=\/wp\/v2\/pages\/11195"}],"wp:attachment":[{"href":"https:\/\/www.rarom.ro\/index.php?rest_route=%2Fwp%2Fv2%2Fmedia&parent=11211"}],"curies":[{"name":"wp","href":"https:\/\/api.w.org\/{rel}","templated":true}]}}