{"id":11205,"date":"2021-06-03T15:51:22","date_gmt":"2021-06-03T12:51:22","guid":{"rendered":"https:\/\/www.rarom.ro\/?page_id=11205"},"modified":"2021-06-04T08:58:18","modified_gmt":"2021-06-04T05:58:18","slug":"renault-captur-e-tech-plug-in-hybrid","status":"publish","type":"page","link":"https:\/\/www.rarom.ro\/?page_id=11205","title":{"rendered":"Renault Captur E-TECH Plug-in Hybrid"},"content":{"rendered":"<p><strong>Test: Renault Captur E-TECH Plug-in Hybrid<\/strong><\/p>\n<p><a href=\"https:\/\/www.rarom.ro\/wp-content\/uploads\/2021\/06\/Test-Renault-mare.jpg\"><img loading=\"lazy\" decoding=\"async\" class=\"size-full wp-image-11206 aligncenter\" src=\"https:\/\/www.rarom.ro\/wp-content\/uploads\/2021\/06\/Test-Renault-mare.jpg\" alt=\"\" width=\"730\" height=\"450\" srcset=\"https:\/\/www.rarom.ro\/wp-content\/uploads\/2021\/06\/Test-Renault-mare.jpg 730w, https:\/\/www.rarom.ro\/wp-content\/uploads\/2021\/06\/Test-Renault-mare-300x185.jpg 300w\" sizes=\"auto, (max-width: 730px) 100vw, 730px\" \/><\/a><\/p>\n<p style=\"text-align: justify;\"><img loading=\"lazy\" decoding=\"async\" class=\"alignleft size-full wp-image-11208\" src=\"https:\/\/www.rarom.ro\/wp-content\/uploads\/2021\/06\/Test-Renault-pagini.jpg\" alt=\"\" width=\"250\" height=\"165\" \/>Renault Captur Plug-In Hybrid con\u0163ine pachetul E-TECH nou dezvoltat de constructorul francez \u015fi axat pe tehnologiile deja implementate \u00een Formula 1 de Renault DP World F1 Team. [&#8230;]<\/p>\n<p>&nbsp;<\/p>\n","protected":false},"excerpt":{"rendered":"<p>Test: Renault Captur E-TECH Plug-in Hybrid Renault Captur Plug-In Hybrid con\u0163ine pachetul E-TECH nou dezvoltat de constructorul francez \u015fi axat pe tehnologiile deja implementate \u00een Formula 1 de Renault DP World F1 Team. [&#8230;] &nbsp;<\/p>\n","protected":false},"author":3,"featured_media":0,"parent":11195,"menu_order":2,"comment_status":"closed","ping_status":"closed","template":"","meta":{"_acf_changed":false,"footnotes":""},"class_list":["post-11205","page","type-page","status-publish","hentry"],"acf":[],"_links":{"self":[{"href":"https:\/\/www.rarom.ro\/index.php?rest_route=\/wp\/v2\/pages\/11205","targetHints":{"allow":["GET"]}}],"collection":[{"href":"https:\/\/www.rarom.ro\/index.php?rest_route=\/wp\/v2\/pages"}],"about":[{"href":"https:\/\/www.rarom.ro\/index.php?rest_route=\/wp\/v2\/types\/page"}],"author":[{"embeddable":true,"href":"https:\/\/www.rarom.ro\/index.php?rest_route=\/wp\/v2\/users\/3"}],"replies":[{"embeddable":true,"href":"https:\/\/www.rarom.ro\/index.php?rest_route=%2Fwp%2Fv2%2Fcomments&post=11205"}],"version-history":[{"count":1,"href":"https:\/\/www.rarom.ro\/index.php?rest_route=\/wp\/v2\/pages\/11205\/revisions"}],"predecessor-version":[{"id":11210,"href":"https:\/\/www.rarom.ro\/index.php?rest_route=\/wp\/v2\/pages\/11205\/revisions\/11210"}],"up":[{"embeddable":true,"href":"https:\/\/www.rarom.ro\/index.php?rest_route=\/wp\/v2\/pages\/11195"}],"wp:attachment":[{"href":"https:\/\/www.rarom.ro\/index.php?rest_route=%2Fwp%2Fv2%2Fmedia&parent=11205"}],"curies":[{"name":"wp","href":"https:\/\/api.w.org\/{rel}","templated":true}]}}