{"id":11199,"date":"2021-06-03T15:47:41","date_gmt":"2021-06-03T12:47:41","guid":{"rendered":"https:\/\/www.rarom.ro\/?page_id=11199"},"modified":"2021-06-04T08:58:05","modified_gmt":"2021-06-04T05:58:05","slug":"citroen-c4","status":"publish","type":"page","link":"https:\/\/www.rarom.ro\/?page_id=11199","title":{"rendered":"Citroen C4"},"content":{"rendered":"<p><strong>Test: Citroen C4<\/strong><\/p>\n<p><a href=\"https:\/\/www.rarom.ro\/wp-content\/uploads\/2021\/06\/Test-Citroen-mare.jpg\"><img loading=\"lazy\" decoding=\"async\" class=\"size-full wp-image-11200 aligncenter\" src=\"https:\/\/www.rarom.ro\/wp-content\/uploads\/2021\/06\/Test-Citroen-mare.jpg\" alt=\"\" width=\"730\" height=\"450\" srcset=\"https:\/\/www.rarom.ro\/wp-content\/uploads\/2021\/06\/Test-Citroen-mare.jpg 730w, https:\/\/www.rarom.ro\/wp-content\/uploads\/2021\/06\/Test-Citroen-mare-300x185.jpg 300w\" sizes=\"auto, (max-width: 730px) 100vw, 730px\" \/><\/a><\/p>\n<p style=\"text-align: justify;\"><img loading=\"lazy\" decoding=\"async\" class=\"alignleft size-full wp-image-11202\" src=\"https:\/\/www.rarom.ro\/wp-content\/uploads\/2021\/06\/Test-Citroen-pagin.jpg\" alt=\"\" width=\"250\" height=\"165\" \/>Cu o alur\u0103 care excede silueta unui hatchback obi\u015fnuit, noul Citroen C4 \u00ee\u015fi propune un singur lucru: s\u0103 impresioneze. Aceea\u015fi inten\u0163ie r\u0103zbate \u015fi din fi\u0219a de prezentare din moment ce vei descoperi aici sisteme precum Citroen Advanced Comfort, Citroen Smart Pad Support (premier\u0103 mondial\u0103) sau Highway Driver Assist. [&#8230;]<\/p>\n","protected":false},"excerpt":{"rendered":"<p>Test: Citroen C4 Cu o alur\u0103 care excede silueta unui hatchback obi\u015fnuit, noul Citroen C4 \u00ee\u015fi propune un singur lucru: s\u0103 impresioneze. Aceea\u015fi inten\u0163ie r\u0103zbate \u015fi din fi\u0219a de prezentare din moment ce vei descoperi aici sisteme precum Citroen Advanced Comfort, Citroen Smart Pad Support (premier\u0103 mondial\u0103) sau Highway Driver Assist. [&#8230;]<\/p>\n","protected":false},"author":3,"featured_media":0,"parent":11195,"menu_order":1,"comment_status":"closed","ping_status":"closed","template":"","meta":{"_acf_changed":false,"footnotes":""},"class_list":["post-11199","page","type-page","status-publish","hentry"],"acf":[],"_links":{"self":[{"href":"https:\/\/www.rarom.ro\/index.php?rest_route=\/wp\/v2\/pages\/11199","targetHints":{"allow":["GET"]}}],"collection":[{"href":"https:\/\/www.rarom.ro\/index.php?rest_route=\/wp\/v2\/pages"}],"about":[{"href":"https:\/\/www.rarom.ro\/index.php?rest_route=\/wp\/v2\/types\/page"}],"author":[{"embeddable":true,"href":"https:\/\/www.rarom.ro\/index.php?rest_route=\/wp\/v2\/users\/3"}],"replies":[{"embeddable":true,"href":"https:\/\/www.rarom.ro\/index.php?rest_route=%2Fwp%2Fv2%2Fcomments&post=11199"}],"version-history":[{"count":1,"href":"https:\/\/www.rarom.ro\/index.php?rest_route=\/wp\/v2\/pages\/11199\/revisions"}],"predecessor-version":[{"id":11204,"href":"https:\/\/www.rarom.ro\/index.php?rest_route=\/wp\/v2\/pages\/11199\/revisions\/11204"}],"up":[{"embeddable":true,"href":"https:\/\/www.rarom.ro\/index.php?rest_route=\/wp\/v2\/pages\/11195"}],"wp:attachment":[{"href":"https:\/\/www.rarom.ro\/index.php?rest_route=%2Fwp%2Fv2%2Fmedia&parent=11199"}],"curies":[{"name":"wp","href":"https:\/\/api.w.org\/{rel}","templated":true}]}}