{"id":11093,"date":"2021-05-06T15:57:48","date_gmt":"2021-05-06T12:57:48","guid":{"rendered":"https:\/\/www.rarom.ro\/?page_id=11093"},"modified":"2021-05-07T12:18:43","modified_gmt":"2021-05-07T09:18:43","slug":"eveniment","status":"publish","type":"page","link":"https:\/\/www.rarom.ro\/?page_id=11093","title":{"rendered":"Eveniment"},"content":{"rendered":"<p><strong>Best Electric Car in Romania<\/strong><\/p>\n<p><a href=\"https:\/\/www.rarom.ro\/wp-content\/uploads\/2021\/05\/Eveniment-mare.jpg\"><img loading=\"lazy\" decoding=\"async\" class=\"size-full wp-image-11094 aligncenter\" src=\"https:\/\/www.rarom.ro\/wp-content\/uploads\/2021\/05\/Eveniment-mare.jpg\" alt=\"\" width=\"730\" height=\"450\" srcset=\"https:\/\/www.rarom.ro\/wp-content\/uploads\/2021\/05\/Eveniment-mare.jpg 730w, https:\/\/www.rarom.ro\/wp-content\/uploads\/2021\/05\/Eveniment-mare-300x185.jpg 300w\" sizes=\"auto, (max-width: 730px) 100vw, 730px\" \/><\/a><\/p>\n<p style=\"text-align: justify;\"><img loading=\"lazy\" decoding=\"async\" class=\"alignleft size-full wp-image-11096\" src=\"https:\/\/www.rarom.ro\/wp-content\/uploads\/2021\/05\/Eveniment-pagini.jpg\" alt=\"\" width=\"250\" height=\"165\" \/>Auto Test Magazin a participat la prima edi\u021bie a Best Electric Car in Romania, o competi\u021bie care \u00ee\u0219i propune s\u0103 stabileasc\u0103 anual cea mai reprezentativ\u0103 ma\u0219in\u0103 electric\u0103 pentru pia\u021ba autohton\u0103. Juriul competi\u021biei este format din 14 jurnali\u0219ti care acoper\u0103 toate tipurile de canale media din presa auto din Rom\u00e2nia. [&#8230;]<\/p>\n","protected":false},"excerpt":{"rendered":"<p>Best Electric Car in Romania Auto Test Magazin a participat la prima edi\u021bie a Best Electric Car in Romania, o competi\u021bie care \u00ee\u0219i propune s\u0103 stabileasc\u0103 anual cea mai reprezentativ\u0103 ma\u0219in\u0103 electric\u0103 pentru pia\u021ba autohton\u0103. Juriul competi\u021biei este format din 14 jurnali\u0219ti care acoper\u0103 toate tipurile de canale media din presa auto din Rom\u00e2nia. [&#8230;]<\/p>\n","protected":false},"author":3,"featured_media":0,"parent":11050,"menu_order":2,"comment_status":"closed","ping_status":"closed","template":"","meta":{"_acf_changed":false,"footnotes":""},"class_list":["post-11093","page","type-page","status-publish","hentry"],"acf":[],"_links":{"self":[{"href":"https:\/\/www.rarom.ro\/index.php?rest_route=\/wp\/v2\/pages\/11093","targetHints":{"allow":["GET"]}}],"collection":[{"href":"https:\/\/www.rarom.ro\/index.php?rest_route=\/wp\/v2\/pages"}],"about":[{"href":"https:\/\/www.rarom.ro\/index.php?rest_route=\/wp\/v2\/types\/page"}],"author":[{"embeddable":true,"href":"https:\/\/www.rarom.ro\/index.php?rest_route=\/wp\/v2\/users\/3"}],"replies":[{"embeddable":true,"href":"https:\/\/www.rarom.ro\/index.php?rest_route=%2Fwp%2Fv2%2Fcomments&post=11093"}],"version-history":[{"count":1,"href":"https:\/\/www.rarom.ro\/index.php?rest_route=\/wp\/v2\/pages\/11093\/revisions"}],"predecessor-version":[{"id":11098,"href":"https:\/\/www.rarom.ro\/index.php?rest_route=\/wp\/v2\/pages\/11093\/revisions\/11098"}],"up":[{"embeddable":true,"href":"https:\/\/www.rarom.ro\/index.php?rest_route=\/wp\/v2\/pages\/11050"}],"wp:attachment":[{"href":"https:\/\/www.rarom.ro\/index.php?rest_route=%2Fwp%2Fv2%2Fmedia&parent=11093"}],"curies":[{"name":"wp","href":"https:\/\/api.w.org\/{rel}","templated":true}]}}