{"id":11087,"date":"2021-05-06T15:56:14","date_gmt":"2021-05-06T12:56:14","guid":{"rendered":"https:\/\/www.rarom.ro\/?page_id=11087"},"modified":"2021-05-07T12:18:24","modified_gmt":"2021-05-07T09:18:24","slug":"renault-talisman","status":"publish","type":"page","link":"https:\/\/www.rarom.ro\/?page_id=11087","title":{"rendered":"Renault Talisman"},"content":{"rendered":"<p><strong>Test: Renault Talisman<\/strong><\/p>\n<p><a href=\"https:\/\/www.rarom.ro\/wp-content\/uploads\/2021\/05\/Test-Talisman-mare.jpg\"><img loading=\"lazy\" decoding=\"async\" class=\"size-full wp-image-11088 aligncenter\" src=\"https:\/\/www.rarom.ro\/wp-content\/uploads\/2021\/05\/Test-Talisman-mare.jpg\" alt=\"\" width=\"730\" height=\"450\" srcset=\"https:\/\/www.rarom.ro\/wp-content\/uploads\/2021\/05\/Test-Talisman-mare.jpg 730w, https:\/\/www.rarom.ro\/wp-content\/uploads\/2021\/05\/Test-Talisman-mare-300x185.jpg 300w\" sizes=\"auto, (max-width: 730px) 100vw, 730px\" \/><\/a><\/p>\n<p style=\"text-align: justify;\"><img loading=\"lazy\" decoding=\"async\" class=\"alignleft size-full wp-image-11090\" src=\"https:\/\/www.rarom.ro\/wp-content\/uploads\/2021\/05\/Test-Talisman-pagini.jpg\" alt=\"\" width=\"250\" height=\"165\" \/>Chiar dac\u0103 \u00een alte locuri un sedan este v\u0103zut mai mult \u00eentr-o ambian\u021b\u0103 \u201ecorporate\u201d, la noi este alegerea c\u00e2t se poate de potrivit\u0103 pentru familie. Pe de alt\u0103 parte cu c\u00e2t este mai mare, cu at\u00e2t este mai bine. Iar un Renault Talisman Initiale s-ar potrivi la marele fix \u00eentr-un asemenea ra\u021bionament, mai ales c\u0103 noua semn\u0103tur\u0103 luminoas\u0103 \u00eei confer\u0103 un design care re\u021bine aten\u021bia. [&#8230;]<\/p>\n","protected":false},"excerpt":{"rendered":"<p>Test: Renault Talisman Chiar dac\u0103 \u00een alte locuri un sedan este v\u0103zut mai mult \u00eentr-o ambian\u021b\u0103 \u201ecorporate\u201d, la noi este alegerea c\u00e2t se poate de potrivit\u0103 pentru familie. Pe de alt\u0103 parte cu c\u00e2t este mai mare, cu at\u00e2t este mai bine. Iar un Renault Talisman Initiale s-ar potrivi la marele fix \u00eentr-un asemenea ra\u021bionament, [&hellip;]<\/p>\n","protected":false},"author":3,"featured_media":0,"parent":11054,"menu_order":5,"comment_status":"closed","ping_status":"closed","template":"","meta":{"_acf_changed":false,"footnotes":""},"class_list":["post-11087","page","type-page","status-publish","hentry"],"acf":[],"_links":{"self":[{"href":"https:\/\/www.rarom.ro\/index.php?rest_route=\/wp\/v2\/pages\/11087","targetHints":{"allow":["GET"]}}],"collection":[{"href":"https:\/\/www.rarom.ro\/index.php?rest_route=\/wp\/v2\/pages"}],"about":[{"href":"https:\/\/www.rarom.ro\/index.php?rest_route=\/wp\/v2\/types\/page"}],"author":[{"embeddable":true,"href":"https:\/\/www.rarom.ro\/index.php?rest_route=\/wp\/v2\/users\/3"}],"replies":[{"embeddable":true,"href":"https:\/\/www.rarom.ro\/index.php?rest_route=%2Fwp%2Fv2%2Fcomments&post=11087"}],"version-history":[{"count":1,"href":"https:\/\/www.rarom.ro\/index.php?rest_route=\/wp\/v2\/pages\/11087\/revisions"}],"predecessor-version":[{"id":11092,"href":"https:\/\/www.rarom.ro\/index.php?rest_route=\/wp\/v2\/pages\/11087\/revisions\/11092"}],"up":[{"embeddable":true,"href":"https:\/\/www.rarom.ro\/index.php?rest_route=\/wp\/v2\/pages\/11054"}],"wp:attachment":[{"href":"https:\/\/www.rarom.ro\/index.php?rest_route=%2Fwp%2Fv2%2Fmedia&parent=11087"}],"curies":[{"name":"wp","href":"https:\/\/api.w.org\/{rel}","templated":true}]}}