{"id":11069,"date":"2021-05-06T15:50:58","date_gmt":"2021-05-06T12:50:58","guid":{"rendered":"https:\/\/www.rarom.ro\/?page_id=11069"},"modified":"2021-05-07T12:17:42","modified_gmt":"2021-05-07T09:17:42","slug":"renault-megane-r-s-line","status":"publish","type":"page","link":"https:\/\/www.rarom.ro\/?page_id=11069","title":{"rendered":"Renault Megane R.S. Line"},"content":{"rendered":"<p><strong>Test: Renault Megane R.S. Line<\/strong><\/p>\n<p><a href=\"https:\/\/www.rarom.ro\/wp-content\/uploads\/2021\/05\/Test-Renault-mare.jpg\"><img loading=\"lazy\" decoding=\"async\" class=\"size-full wp-image-11070 aligncenter\" src=\"https:\/\/www.rarom.ro\/wp-content\/uploads\/2021\/05\/Test-Renault-mare.jpg\" alt=\"\" width=\"730\" height=\"450\" srcset=\"https:\/\/www.rarom.ro\/wp-content\/uploads\/2021\/05\/Test-Renault-mare.jpg 730w, https:\/\/www.rarom.ro\/wp-content\/uploads\/2021\/05\/Test-Renault-mare-300x185.jpg 300w\" sizes=\"auto, (max-width: 730px) 100vw, 730px\" \/><\/a><\/p>\n<p style=\"text-align: justify;\"><img loading=\"lazy\" decoding=\"async\" class=\"alignleft size-full wp-image-11072\" src=\"https:\/\/www.rarom.ro\/wp-content\/uploads\/2021\/05\/Test-Renault-pagini.jpg\" alt=\"\" width=\"250\" height=\"165\" \/>Un spoiler fa\u021b\u0103 cu aspect t\u0103ios, eleron lat de aproape 30 cm, dou\u0103 evacu\u0103ri rombice cu diagonal\u0103 de peste 15 cm \u00eencastrate \u00een deflector \u015fi o alur\u0103 care degaj\u0103 o \u00eencordare mocnit\u0103 sunt cele mai evidente semnalmente etalate de noua versiune Megane R.S. Line. [&#8230;]<\/p>\n","protected":false},"excerpt":{"rendered":"<p>Test: Renault Megane R.S. Line Un spoiler fa\u021b\u0103 cu aspect t\u0103ios, eleron lat de aproape 30 cm, dou\u0103 evacu\u0103ri rombice cu diagonal\u0103 de peste 15 cm \u00eencastrate \u00een deflector \u015fi o alur\u0103 care degaj\u0103 o \u00eencordare mocnit\u0103 sunt cele mai evidente semnalmente etalate de noua versiune Megane R.S. Line. [&#8230;]<\/p>\n","protected":false},"author":3,"featured_media":0,"parent":11054,"menu_order":2,"comment_status":"closed","ping_status":"closed","template":"","meta":{"_acf_changed":false,"footnotes":""},"class_list":["post-11069","page","type-page","status-publish","hentry"],"acf":[],"_links":{"self":[{"href":"https:\/\/www.rarom.ro\/index.php?rest_route=\/wp\/v2\/pages\/11069","targetHints":{"allow":["GET"]}}],"collection":[{"href":"https:\/\/www.rarom.ro\/index.php?rest_route=\/wp\/v2\/pages"}],"about":[{"href":"https:\/\/www.rarom.ro\/index.php?rest_route=\/wp\/v2\/types\/page"}],"author":[{"embeddable":true,"href":"https:\/\/www.rarom.ro\/index.php?rest_route=\/wp\/v2\/users\/3"}],"replies":[{"embeddable":true,"href":"https:\/\/www.rarom.ro\/index.php?rest_route=%2Fwp%2Fv2%2Fcomments&post=11069"}],"version-history":[{"count":1,"href":"https:\/\/www.rarom.ro\/index.php?rest_route=\/wp\/v2\/pages\/11069\/revisions"}],"predecessor-version":[{"id":11074,"href":"https:\/\/www.rarom.ro\/index.php?rest_route=\/wp\/v2\/pages\/11069\/revisions\/11074"}],"up":[{"embeddable":true,"href":"https:\/\/www.rarom.ro\/index.php?rest_route=\/wp\/v2\/pages\/11054"}],"wp:attachment":[{"href":"https:\/\/www.rarom.ro\/index.php?rest_route=%2Fwp%2Fv2%2Fmedia&parent=11069"}],"curies":[{"name":"wp","href":"https:\/\/api.w.org\/{rel}","templated":true}]}}