{"id":10950,"date":"2021-04-02T09:13:05","date_gmt":"2021-04-02T06:13:05","guid":{"rendered":"https:\/\/www.rarom.ro\/?page_id=10950"},"modified":"2021-04-02T09:13:05","modified_gmt":"2021-04-02T06:13:05","slug":"tehno","status":"publish","type":"page","link":"https:\/\/www.rarom.ro\/?page_id=10950","title":{"rendered":"Tehno"},"content":{"rendered":"<p><strong>McLaren M50 Artura<\/strong><\/p>\n<p><a href=\"https:\/\/www.rarom.ro\/wp-content\/uploads\/2021\/04\/Tehno-mare.jpg\"><img loading=\"lazy\" decoding=\"async\" class=\"size-full wp-image-10951 aligncenter\" src=\"https:\/\/www.rarom.ro\/wp-content\/uploads\/2021\/04\/Tehno-mare.jpg\" alt=\"\" width=\"730\" height=\"450\" srcset=\"https:\/\/www.rarom.ro\/wp-content\/uploads\/2021\/04\/Tehno-mare.jpg 730w, https:\/\/www.rarom.ro\/wp-content\/uploads\/2021\/04\/Tehno-mare-300x185.jpg 300w\" sizes=\"auto, (max-width: 730px) 100vw, 730px\" \/><\/a><\/p>\n<p style=\"text-align: justify;\"><a href=\"https:\/\/www.rarom.ro\/wp-content\/uploads\/2021\/04\/Tehno-pagini.jpg\"><img loading=\"lazy\" decoding=\"async\" class=\"alignleft size-full wp-image-10953\" src=\"https:\/\/www.rarom.ro\/wp-content\/uploads\/2021\/04\/Tehno-pagini.jpg\" alt=\"\" width=\"250\" height=\"165\" \/><\/a>\u00centr-o perioad\u0103 \u00een care noile orient\u0103ri tehnologice \u00eencep s\u0103 scrie alte capitole \u00een istoria automobilelor, este evident ca un constructor de talia lui McLaren s\u0103 se afle pe valul crea\u021biei tehnologice. Este momentul \u00een care brandul englez scoate \u00een lumina reflectoarelor virtuale primul s\u0103u supercar hibrid de \u00eenalt\u0103 performan\u021b\u0103, cu un nume rezonant \u00een istoria britanic\u0103, Artura. [&#8230;]<\/p>\n","protected":false},"excerpt":{"rendered":"<p>McLaren M50 Artura \u00centr-o perioad\u0103 \u00een care noile orient\u0103ri tehnologice \u00eencep s\u0103 scrie alte capitole \u00een istoria automobilelor, este evident ca un constructor de talia lui McLaren s\u0103 se afle pe valul crea\u021biei tehnologice. Este momentul \u00een care brandul englez scoate \u00een lumina reflectoarelor virtuale primul s\u0103u supercar hibrid de \u00eenalt\u0103 performan\u021b\u0103, cu un nume [&hellip;]<\/p>\n","protected":false},"author":3,"featured_media":0,"parent":10900,"menu_order":5,"comment_status":"closed","ping_status":"closed","template":"","meta":{"_acf_changed":false,"footnotes":""},"class_list":["post-10950","page","type-page","status-publish","hentry"],"acf":[],"_links":{"self":[{"href":"https:\/\/www.rarom.ro\/index.php?rest_route=\/wp\/v2\/pages\/10950","targetHints":{"allow":["GET"]}}],"collection":[{"href":"https:\/\/www.rarom.ro\/index.php?rest_route=\/wp\/v2\/pages"}],"about":[{"href":"https:\/\/www.rarom.ro\/index.php?rest_route=\/wp\/v2\/types\/page"}],"author":[{"embeddable":true,"href":"https:\/\/www.rarom.ro\/index.php?rest_route=\/wp\/v2\/users\/3"}],"replies":[{"embeddable":true,"href":"https:\/\/www.rarom.ro\/index.php?rest_route=%2Fwp%2Fv2%2Fcomments&post=10950"}],"version-history":[{"count":1,"href":"https:\/\/www.rarom.ro\/index.php?rest_route=\/wp\/v2\/pages\/10950\/revisions"}],"predecessor-version":[{"id":10955,"href":"https:\/\/www.rarom.ro\/index.php?rest_route=\/wp\/v2\/pages\/10950\/revisions\/10955"}],"up":[{"embeddable":true,"href":"https:\/\/www.rarom.ro\/index.php?rest_route=\/wp\/v2\/pages\/10900"}],"wp:attachment":[{"href":"https:\/\/www.rarom.ro\/index.php?rest_route=%2Fwp%2Fv2%2Fmedia&parent=10950"}],"curies":[{"name":"wp","href":"https:\/\/api.w.org\/{rel}","templated":true}]}}