{"id":10920,"date":"2021-04-02T09:04:28","date_gmt":"2021-04-02T06:04:28","guid":{"rendered":"https:\/\/www.rarom.ro\/?page_id=10920"},"modified":"2021-04-02T09:04:28","modified_gmt":"2021-04-02T06:04:28","slug":"ford-ranger-thunder","status":"publish","type":"page","link":"https:\/\/www.rarom.ro\/?page_id=10920","title":{"rendered":"Ford Ranger Thunder"},"content":{"rendered":"<p><strong>Test: Ford Ranger Thunder<\/strong><\/p>\n<p><a href=\"https:\/\/www.rarom.ro\/wp-content\/uploads\/2021\/04\/Test-Ford-mare.jpg\"><img loading=\"lazy\" decoding=\"async\" class=\"size-full wp-image-10921 aligncenter\" src=\"https:\/\/www.rarom.ro\/wp-content\/uploads\/2021\/04\/Test-Ford-mare.jpg\" alt=\"\" width=\"730\" height=\"450\" srcset=\"https:\/\/www.rarom.ro\/wp-content\/uploads\/2021\/04\/Test-Ford-mare.jpg 730w, https:\/\/www.rarom.ro\/wp-content\/uploads\/2021\/04\/Test-Ford-mare-300x185.jpg 300w\" sizes=\"auto, (max-width: 730px) 100vw, 730px\" \/><\/a><\/p>\n<p style=\"text-align: justify;\"><a href=\"https:\/\/www.rarom.ro\/wp-content\/uploads\/2021\/04\/Test-Ford-pagini.jpg\"><img loading=\"lazy\" decoding=\"async\" class=\"alignleft size-full wp-image-10923\" src=\"https:\/\/www.rarom.ro\/wp-content\/uploads\/2021\/04\/Test-Ford-pagini.jpg\" alt=\"\" width=\"250\" height=\"165\" \/><\/a>Anul trecut, Ford a lansat o edi\u0163ie limitat\u0103 de 4.500 de unit\u0103\u0163i Ranger Thunder dedicate pie\u0163ei europene. Atuurile sale sunt date de un pachet estetic cu puternic impact vizual \u015fi de prezen\u0163a celor mai performante tehnologii capabile s\u0103 extind\u0103 aptitudinile off road recunoscute cu un comportament stradal demn de un SUV. [&#8230;]<\/p>\n","protected":false},"excerpt":{"rendered":"<p>Test: Ford Ranger Thunder Anul trecut, Ford a lansat o edi\u0163ie limitat\u0103 de 4.500 de unit\u0103\u0163i Ranger Thunder dedicate pie\u0163ei europene. Atuurile sale sunt date de un pachet estetic cu puternic impact vizual \u015fi de prezen\u0163a celor mai performante tehnologii capabile s\u0103 extind\u0103 aptitudinile off road recunoscute cu un comportament stradal demn de un SUV. [&hellip;]<\/p>\n","protected":false},"author":3,"featured_media":0,"parent":10904,"menu_order":3,"comment_status":"closed","ping_status":"closed","template":"","meta":{"_acf_changed":false,"footnotes":""},"class_list":["post-10920","page","type-page","status-publish","hentry"],"acf":[],"_links":{"self":[{"href":"https:\/\/www.rarom.ro\/index.php?rest_route=\/wp\/v2\/pages\/10920","targetHints":{"allow":["GET"]}}],"collection":[{"href":"https:\/\/www.rarom.ro\/index.php?rest_route=\/wp\/v2\/pages"}],"about":[{"href":"https:\/\/www.rarom.ro\/index.php?rest_route=\/wp\/v2\/types\/page"}],"author":[{"embeddable":true,"href":"https:\/\/www.rarom.ro\/index.php?rest_route=\/wp\/v2\/users\/3"}],"replies":[{"embeddable":true,"href":"https:\/\/www.rarom.ro\/index.php?rest_route=%2Fwp%2Fv2%2Fcomments&post=10920"}],"version-history":[{"count":1,"href":"https:\/\/www.rarom.ro\/index.php?rest_route=\/wp\/v2\/pages\/10920\/revisions"}],"predecessor-version":[{"id":10925,"href":"https:\/\/www.rarom.ro\/index.php?rest_route=\/wp\/v2\/pages\/10920\/revisions\/10925"}],"up":[{"embeddable":true,"href":"https:\/\/www.rarom.ro\/index.php?rest_route=\/wp\/v2\/pages\/10904"}],"wp:attachment":[{"href":"https:\/\/www.rarom.ro\/index.php?rest_route=%2Fwp%2Fv2%2Fmedia&parent=10920"}],"curies":[{"name":"wp","href":"https:\/\/api.w.org\/{rel}","templated":true}]}}