{"id":10914,"date":"2021-04-02T09:03:17","date_gmt":"2021-04-02T06:03:17","guid":{"rendered":"https:\/\/www.rarom.ro\/?page_id=10914"},"modified":"2021-04-02T09:03:17","modified_gmt":"2021-04-02T06:03:17","slug":"renault-clio-e-tech-hybrid","status":"publish","type":"page","link":"https:\/\/www.rarom.ro\/?page_id=10914","title":{"rendered":"Renault Clio E-TECH Hybrid"},"content":{"rendered":"<p><strong>Test: Renault Clio E-TECH Hybrid<\/strong><\/p>\n<p><a href=\"https:\/\/www.rarom.ro\/wp-content\/uploads\/2021\/04\/Test-Renault-mare.jpg\"><img loading=\"lazy\" decoding=\"async\" class=\"size-full wp-image-10915 aligncenter\" src=\"https:\/\/www.rarom.ro\/wp-content\/uploads\/2021\/04\/Test-Renault-mare.jpg\" alt=\"\" width=\"730\" height=\"450\" srcset=\"https:\/\/www.rarom.ro\/wp-content\/uploads\/2021\/04\/Test-Renault-mare.jpg 730w, https:\/\/www.rarom.ro\/wp-content\/uploads\/2021\/04\/Test-Renault-mare-300x185.jpg 300w\" sizes=\"auto, (max-width: 730px) 100vw, 730px\" \/><\/a><\/p>\n<p style=\"text-align: justify;\"><a href=\"https:\/\/www.rarom.ro\/wp-content\/uploads\/2021\/04\/Test-Renault-pagini.jpg\"><img loading=\"lazy\" decoding=\"async\" class=\"alignleft size-full wp-image-10917\" src=\"https:\/\/www.rarom.ro\/wp-content\/uploads\/2021\/04\/Test-Renault-pagini.jpg\" alt=\"\" width=\"250\" height=\"165\" \/><\/a>Dup\u0103 30 de ani de la apari\u021bie, de-a lungul a cinci genera\u021bii, Renault Clio a ajuns la momentul E-TECH. Este un punct de tranzi\u021bie al constructorului francez \u00een care a implementat \u00een propria gam\u0103 de modele un sistem de propulsie hibrid serie-paralel. [&#8230;]<\/p>\n","protected":false},"excerpt":{"rendered":"<p>Test: Renault Clio E-TECH Hybrid Dup\u0103 30 de ani de la apari\u021bie, de-a lungul a cinci genera\u021bii, Renault Clio a ajuns la momentul E-TECH. Este un punct de tranzi\u021bie al constructorului francez \u00een care a implementat \u00een propria gam\u0103 de modele un sistem de propulsie hibrid serie-paralel. [&#8230;]<\/p>\n","protected":false},"author":3,"featured_media":0,"parent":10904,"menu_order":2,"comment_status":"closed","ping_status":"closed","template":"","meta":{"_acf_changed":false,"footnotes":""},"class_list":["post-10914","page","type-page","status-publish","hentry"],"acf":[],"_links":{"self":[{"href":"https:\/\/www.rarom.ro\/index.php?rest_route=\/wp\/v2\/pages\/10914","targetHints":{"allow":["GET"]}}],"collection":[{"href":"https:\/\/www.rarom.ro\/index.php?rest_route=\/wp\/v2\/pages"}],"about":[{"href":"https:\/\/www.rarom.ro\/index.php?rest_route=\/wp\/v2\/types\/page"}],"author":[{"embeddable":true,"href":"https:\/\/www.rarom.ro\/index.php?rest_route=\/wp\/v2\/users\/3"}],"replies":[{"embeddable":true,"href":"https:\/\/www.rarom.ro\/index.php?rest_route=%2Fwp%2Fv2%2Fcomments&post=10914"}],"version-history":[{"count":1,"href":"https:\/\/www.rarom.ro\/index.php?rest_route=\/wp\/v2\/pages\/10914\/revisions"}],"predecessor-version":[{"id":10919,"href":"https:\/\/www.rarom.ro\/index.php?rest_route=\/wp\/v2\/pages\/10914\/revisions\/10919"}],"up":[{"embeddable":true,"href":"https:\/\/www.rarom.ro\/index.php?rest_route=\/wp\/v2\/pages\/10904"}],"wp:attachment":[{"href":"https:\/\/www.rarom.ro\/index.php?rest_route=%2Fwp%2Fv2%2Fmedia&parent=10914"}],"curies":[{"name":"wp","href":"https:\/\/api.w.org\/{rel}","templated":true}]}}