{"id":10826,"date":"2021-03-11T09:45:07","date_gmt":"2021-03-11T07:45:07","guid":{"rendered":"https:\/\/www.rarom.ro\/?page_id=10826"},"modified":"2021-03-11T10:01:07","modified_gmt":"2021-03-11T08:01:07","slug":"prezentare","status":"publish","type":"page","link":"https:\/\/www.rarom.ro\/?page_id=10826","title":{"rendered":"Prezentare"},"content":{"rendered":"<p><strong>Mercedes-Benz EQA<\/strong><\/p>\n<p><a href=\"https:\/\/www.rarom.ro\/wp-content\/uploads\/2021\/03\/Prezentare-mare.jpeg\"><img loading=\"lazy\" decoding=\"async\" class=\"size-full wp-image-10827 aligncenter\" src=\"https:\/\/www.rarom.ro\/wp-content\/uploads\/2021\/03\/Prezentare-mare.jpeg\" alt=\"\" width=\"730\" height=\"450\" srcset=\"https:\/\/www.rarom.ro\/wp-content\/uploads\/2021\/03\/Prezentare-mare.jpeg 730w, https:\/\/www.rarom.ro\/wp-content\/uploads\/2021\/03\/Prezentare-mare-300x185.jpeg 300w\" sizes=\"auto, (max-width: 730px) 100vw, 730px\" \/><\/a><\/p>\n<p style=\"text-align: justify;\"><a href=\"https:\/\/www.rarom.ro\/wp-content\/uploads\/2021\/03\/Prezentare-pagini.jpg\"><img loading=\"lazy\" decoding=\"async\" class=\"alignleft size-full wp-image-10829\" src=\"https:\/\/www.rarom.ro\/wp-content\/uploads\/2021\/03\/Prezentare-pagini.jpg\" alt=\"\" width=\"250\" height=\"165\" \/><\/a>Cu EQA, Mercedes prezint\u0103 al treilea model electric dup\u0103 EQC \u0219i EQV. Iar cei care se a\u0219teptau la o versiune Clasa A electric\u0103 vor fi dezam\u0103gi\u021bi. EQA este, de fapt, un GLA, care \u0219i-a schimbat motorul termic cu cel electric. Prin urmare, apare \u00eenc\u0103 un SUV, dar care \u0219tie s\u0103 se pun\u0103 \u00een valoare. [&#8230;]<\/p>\n","protected":false},"excerpt":{"rendered":"<p>Mercedes-Benz EQA Cu EQA, Mercedes prezint\u0103 al treilea model electric dup\u0103 EQC \u0219i EQV. Iar cei care se a\u0219teptau la o versiune Clasa A electric\u0103 vor fi dezam\u0103gi\u021bi. EQA este, de fapt, un GLA, care \u0219i-a schimbat motorul termic cu cel electric. Prin urmare, apare \u00eenc\u0103 un SUV, dar care \u0219tie s\u0103 se pun\u0103 \u00een [&hellip;]<\/p>\n","protected":false},"author":3,"featured_media":0,"parent":10770,"menu_order":4,"comment_status":"closed","ping_status":"closed","template":"","meta":{"_acf_changed":false,"footnotes":""},"class_list":["post-10826","page","type-page","status-publish","hentry"],"acf":[],"_links":{"self":[{"href":"https:\/\/www.rarom.ro\/index.php?rest_route=\/wp\/v2\/pages\/10826","targetHints":{"allow":["GET"]}}],"collection":[{"href":"https:\/\/www.rarom.ro\/index.php?rest_route=\/wp\/v2\/pages"}],"about":[{"href":"https:\/\/www.rarom.ro\/index.php?rest_route=\/wp\/v2\/types\/page"}],"author":[{"embeddable":true,"href":"https:\/\/www.rarom.ro\/index.php?rest_route=\/wp\/v2\/users\/3"}],"replies":[{"embeddable":true,"href":"https:\/\/www.rarom.ro\/index.php?rest_route=%2Fwp%2Fv2%2Fcomments&post=10826"}],"version-history":[{"count":2,"href":"https:\/\/www.rarom.ro\/index.php?rest_route=\/wp\/v2\/pages\/10826\/revisions"}],"predecessor-version":[{"id":10832,"href":"https:\/\/www.rarom.ro\/index.php?rest_route=\/wp\/v2\/pages\/10826\/revisions\/10832"}],"up":[{"embeddable":true,"href":"https:\/\/www.rarom.ro\/index.php?rest_route=\/wp\/v2\/pages\/10770"}],"wp:attachment":[{"href":"https:\/\/www.rarom.ro\/index.php?rest_route=%2Fwp%2Fv2%2Fmedia&parent=10826"}],"curies":[{"name":"wp","href":"https:\/\/api.w.org\/{rel}","templated":true}]}}