{"id":10805,"date":"2021-03-09T11:34:43","date_gmt":"2021-03-09T09:34:43","guid":{"rendered":"https:\/\/www.rarom.ro\/?page_id=10805"},"modified":"2021-03-11T09:56:34","modified_gmt":"2021-03-11T07:56:34","slug":"mini-cooper-clubman","status":"publish","type":"page","link":"https:\/\/www.rarom.ro\/?page_id=10805","title":{"rendered":"Mini Cooper Clubman"},"content":{"rendered":"<p><strong>Test: Mini Cooper Clubman<\/strong><\/p>\n<p><a href=\"https:\/\/www.rarom.ro\/wp-content\/uploads\/2021\/03\/Test-Mini-mare.jpg\"><img loading=\"lazy\" decoding=\"async\" class=\"size-full wp-image-10806 aligncenter\" src=\"https:\/\/www.rarom.ro\/wp-content\/uploads\/2021\/03\/Test-Mini-mare.jpg\" alt=\"\" width=\"730\" height=\"450\" srcset=\"https:\/\/www.rarom.ro\/wp-content\/uploads\/2021\/03\/Test-Mini-mare.jpg 730w, https:\/\/www.rarom.ro\/wp-content\/uploads\/2021\/03\/Test-Mini-mare-300x185.jpg 300w\" sizes=\"auto, (max-width: 730px) 100vw, 730px\" \/><\/a><\/p>\n<p style=\"text-align: justify;\"><a href=\"https:\/\/www.rarom.ro\/wp-content\/uploads\/2021\/03\/Test-Mini-pagini.jpg\"><img loading=\"lazy\" decoding=\"async\" class=\"alignleft size-full wp-image-10808\" src=\"https:\/\/www.rarom.ro\/wp-content\/uploads\/2021\/03\/Test-Mini-pagini.jpg\" alt=\"\" width=\"250\" height=\"165\" \/><\/a>O marc\u0103 ce a reu\u015fit s\u0103 rezoneze impecabil at\u00e2t cu tradi\u0163ia c\u00e2t \u015fi cu modernismul nu poate s\u0103 duc\u0103 lips\u0103 de personalitate. \u00cen mod firesc, aceast\u0103 caracteristic\u0103 este insuflat\u0103 tuturor modelelor din gama Mini, iar noul Cooper Clubman nu face excep\u0163ie. [&#8230;]<\/p>\n","protected":false},"excerpt":{"rendered":"<p>Test: Mini Cooper Clubman O marc\u0103 ce a reu\u015fit s\u0103 rezoneze impecabil at\u00e2t cu tradi\u0163ia c\u00e2t \u015fi cu modernismul nu poate s\u0103 duc\u0103 lips\u0103 de personalitate. \u00cen mod firesc, aceast\u0103 caracteristic\u0103 este insuflat\u0103 tuturor modelelor din gama Mini, iar noul Cooper Clubman nu face excep\u0163ie. [&#8230;]<\/p>\n","protected":false},"author":3,"featured_media":0,"parent":10774,"menu_order":5,"comment_status":"closed","ping_status":"closed","template":"","meta":{"_acf_changed":false,"footnotes":""},"class_list":["post-10805","page","type-page","status-publish","hentry"],"acf":[],"_links":{"self":[{"href":"https:\/\/www.rarom.ro\/index.php?rest_route=\/wp\/v2\/pages\/10805","targetHints":{"allow":["GET"]}}],"collection":[{"href":"https:\/\/www.rarom.ro\/index.php?rest_route=\/wp\/v2\/pages"}],"about":[{"href":"https:\/\/www.rarom.ro\/index.php?rest_route=\/wp\/v2\/types\/page"}],"author":[{"embeddable":true,"href":"https:\/\/www.rarom.ro\/index.php?rest_route=\/wp\/v2\/users\/3"}],"replies":[{"embeddable":true,"href":"https:\/\/www.rarom.ro\/index.php?rest_route=%2Fwp%2Fv2%2Fcomments&post=10805"}],"version-history":[{"count":1,"href":"https:\/\/www.rarom.ro\/index.php?rest_route=\/wp\/v2\/pages\/10805\/revisions"}],"predecessor-version":[{"id":10810,"href":"https:\/\/www.rarom.ro\/index.php?rest_route=\/wp\/v2\/pages\/10805\/revisions\/10810"}],"up":[{"embeddable":true,"href":"https:\/\/www.rarom.ro\/index.php?rest_route=\/wp\/v2\/pages\/10774"}],"wp:attachment":[{"href":"https:\/\/www.rarom.ro\/index.php?rest_route=%2Fwp%2Fv2%2Fmedia&parent=10805"}],"curies":[{"name":"wp","href":"https:\/\/api.w.org\/{rel}","templated":true}]}}