{"id":10693,"date":"2021-02-03T15:14:41","date_gmt":"2021-02-03T13:14:41","guid":{"rendered":"https:\/\/www.rarom.ro\/?page_id=10693"},"modified":"2021-02-03T15:46:50","modified_gmt":"2021-02-03T13:46:50","slug":"prezentare","status":"publish","type":"page","link":"https:\/\/www.rarom.ro\/?page_id=10693","title":{"rendered":"Prezentare"},"content":{"rendered":"<p><strong>Toyota C+ Pod<\/strong><\/p>\n<p><a href=\"https:\/\/www.rarom.ro\/wp-content\/uploads\/2021\/02\/Prezentare-mare.jpg\"><img loading=\"lazy\" decoding=\"async\" class=\"size-full wp-image-10694 aligncenter\" src=\"https:\/\/www.rarom.ro\/wp-content\/uploads\/2021\/02\/Prezentare-mare.jpg\" alt=\"\" width=\"730\" height=\"450\" srcset=\"https:\/\/www.rarom.ro\/wp-content\/uploads\/2021\/02\/Prezentare-mare.jpg 730w, https:\/\/www.rarom.ro\/wp-content\/uploads\/2021\/02\/Prezentare-mare-300x185.jpg 300w\" sizes=\"auto, (max-width: 730px) 100vw, 730px\" \/><\/a><\/p>\n<p style=\"text-align: justify;\"><a href=\"https:\/\/www.rarom.ro\/wp-content\/uploads\/2021\/02\/Prezentare-pagini.jpg\"><img loading=\"lazy\" decoding=\"async\" class=\"alignleft size-full wp-image-10696\" src=\"https:\/\/www.rarom.ro\/wp-content\/uploads\/2021\/02\/Prezentare-pagini.jpg\" alt=\"\" width=\"250\" height=\"165\" \/><\/a>\u00cen \u021bara ma\u0219inilor micro (kei-cars), Japonia, Toyota lanseaz\u0103 un nou produs. Numele s\u0103u? Toyota C+ Pod. Acest model electric cu dou\u0103 locuri, un fel de Citro\u00ebn Ami cu sos teriyaki, este rezervat, \u00een prezent, doar pentru c\u00e2teva categorii de utilizatori. Lansarea pentru publicul larg este programat\u0103 \u00een 2022. [&#8230;]<\/p>\n","protected":false},"excerpt":{"rendered":"<p>Toyota C+ Pod \u00cen \u021bara ma\u0219inilor micro (kei-cars), Japonia, Toyota lanseaz\u0103 un nou produs. Numele s\u0103u? Toyota C+ Pod. Acest model electric cu dou\u0103 locuri, un fel de Citro\u00ebn Ami cu sos teriyaki, este rezervat, \u00een prezent, doar pentru c\u00e2teva categorii de utilizatori. Lansarea pentru publicul larg este programat\u0103 \u00een 2022. [&#8230;]<\/p>\n","protected":false},"author":3,"featured_media":0,"parent":10634,"menu_order":5,"comment_status":"closed","ping_status":"closed","template":"","meta":{"_acf_changed":false,"footnotes":""},"class_list":["post-10693","page","type-page","status-publish","hentry"],"acf":[],"_links":{"self":[{"href":"https:\/\/www.rarom.ro\/index.php?rest_route=\/wp\/v2\/pages\/10693","targetHints":{"allow":["GET"]}}],"collection":[{"href":"https:\/\/www.rarom.ro\/index.php?rest_route=\/wp\/v2\/pages"}],"about":[{"href":"https:\/\/www.rarom.ro\/index.php?rest_route=\/wp\/v2\/types\/page"}],"author":[{"embeddable":true,"href":"https:\/\/www.rarom.ro\/index.php?rest_route=\/wp\/v2\/users\/3"}],"replies":[{"embeddable":true,"href":"https:\/\/www.rarom.ro\/index.php?rest_route=%2Fwp%2Fv2%2Fcomments&post=10693"}],"version-history":[{"count":1,"href":"https:\/\/www.rarom.ro\/index.php?rest_route=\/wp\/v2\/pages\/10693\/revisions"}],"predecessor-version":[{"id":10698,"href":"https:\/\/www.rarom.ro\/index.php?rest_route=\/wp\/v2\/pages\/10693\/revisions\/10698"}],"up":[{"embeddable":true,"href":"https:\/\/www.rarom.ro\/index.php?rest_route=\/wp\/v2\/pages\/10634"}],"wp:attachment":[{"href":"https:\/\/www.rarom.ro\/index.php?rest_route=%2Fwp%2Fv2%2Fmedia&parent=10693"}],"curies":[{"name":"wp","href":"https:\/\/api.w.org\/{rel}","templated":true}]}}