{"id":10667,"date":"2021-02-03T14:48:06","date_gmt":"2021-02-03T12:48:06","guid":{"rendered":"https:\/\/www.rarom.ro\/?page_id=10667"},"modified":"2021-02-03T15:45:00","modified_gmt":"2021-02-03T13:45:00","slug":"bmw-r-1250-gs-adventure","status":"publish","type":"page","link":"https:\/\/www.rarom.ro\/?page_id=10667","title":{"rendered":"BMW R 1250 GS Adventure"},"content":{"rendered":"<p><strong>Test: BMW R 1250 GS Adventure<\/strong><\/p>\n<p><a href=\"https:\/\/www.rarom.ro\/wp-content\/uploads\/2021\/02\/Test-moto-mare.jpg\"><img loading=\"lazy\" decoding=\"async\" class=\"size-full wp-image-10668 aligncenter\" src=\"https:\/\/www.rarom.ro\/wp-content\/uploads\/2021\/02\/Test-moto-mare.jpg\" alt=\"\" width=\"730\" height=\"450\" srcset=\"https:\/\/www.rarom.ro\/wp-content\/uploads\/2021\/02\/Test-moto-mare.jpg 730w, https:\/\/www.rarom.ro\/wp-content\/uploads\/2021\/02\/Test-moto-mare-300x185.jpg 300w\" sizes=\"auto, (max-width: 730px) 100vw, 730px\" \/><\/a><\/p>\n<p style=\"text-align: justify;\"><a href=\"https:\/\/www.rarom.ro\/wp-content\/uploads\/2021\/02\/Test-moto-pagini.jpg\"><img loading=\"lazy\" decoding=\"async\" class=\"alignleft size-full wp-image-10670\" src=\"https:\/\/www.rarom.ro\/wp-content\/uploads\/2021\/02\/Test-moto-pagini.jpg\" alt=\"\" width=\"250\" height=\"165\" \/><\/a>Anul trecut gama BMW GS a \u00eemplinit 40 de ani. Momentul a fost s\u0103rb\u0103torit cum nu se poate mai potrivit, la sf\u00e2r\u015fitul lui 2020 a fost lansat\u0103 o nou\u0103 versiune a modelului rege, R 1250, complet revizuit\u0103 \u015fi disponibil\u0103 \u00een variantele GS \u015fi GS Adventure. [&#8230;]<\/p>\n","protected":false},"excerpt":{"rendered":"<p>Test: BMW R 1250 GS Adventure Anul trecut gama BMW GS a \u00eemplinit 40 de ani. Momentul a fost s\u0103rb\u0103torit cum nu se poate mai potrivit, la sf\u00e2r\u015fitul lui 2020 a fost lansat\u0103 o nou\u0103 versiune a modelului rege, R 1250, complet revizuit\u0103 \u015fi disponibil\u0103 \u00een variantele GS \u015fi GS Adventure. [&#8230;]<\/p>\n","protected":false},"author":3,"featured_media":0,"parent":10639,"menu_order":5,"comment_status":"closed","ping_status":"closed","template":"","meta":{"_acf_changed":false,"footnotes":""},"class_list":["post-10667","page","type-page","status-publish","hentry"],"acf":[],"_links":{"self":[{"href":"https:\/\/www.rarom.ro\/index.php?rest_route=\/wp\/v2\/pages\/10667","targetHints":{"allow":["GET"]}}],"collection":[{"href":"https:\/\/www.rarom.ro\/index.php?rest_route=\/wp\/v2\/pages"}],"about":[{"href":"https:\/\/www.rarom.ro\/index.php?rest_route=\/wp\/v2\/types\/page"}],"author":[{"embeddable":true,"href":"https:\/\/www.rarom.ro\/index.php?rest_route=\/wp\/v2\/users\/3"}],"replies":[{"embeddable":true,"href":"https:\/\/www.rarom.ro\/index.php?rest_route=%2Fwp%2Fv2%2Fcomments&post=10667"}],"version-history":[{"count":3,"href":"https:\/\/www.rarom.ro\/index.php?rest_route=\/wp\/v2\/pages\/10667\/revisions"}],"predecessor-version":[{"id":10674,"href":"https:\/\/www.rarom.ro\/index.php?rest_route=\/wp\/v2\/pages\/10667\/revisions\/10674"}],"up":[{"embeddable":true,"href":"https:\/\/www.rarom.ro\/index.php?rest_route=\/wp\/v2\/pages\/10639"}],"wp:attachment":[{"href":"https:\/\/www.rarom.ro\/index.php?rest_route=%2Fwp%2Fv2%2Fmedia&parent=10667"}],"curies":[{"name":"wp","href":"https:\/\/api.w.org\/{rel}","templated":true}]}}