{"id":10655,"date":"2021-02-03T14:39:04","date_gmt":"2021-02-03T12:39:04","guid":{"rendered":"https:\/\/www.rarom.ro\/?page_id=10655"},"modified":"2021-02-03T15:44:13","modified_gmt":"2021-02-03T13:44:13","slug":"renault-captur-tce-100-gpl","status":"publish","type":"page","link":"https:\/\/www.rarom.ro\/?page_id=10655","title":{"rendered":"Renault Captur TCe 100 GPL"},"content":{"rendered":"<p><strong>Test: Renault Captur Tce 100 GPL<\/strong><\/p>\n<p><a href=\"https:\/\/www.rarom.ro\/wp-content\/uploads\/2021\/02\/Test-Renault-mare.jpg\"><img loading=\"lazy\" decoding=\"async\" class=\"size-full wp-image-10656 aligncenter\" src=\"https:\/\/www.rarom.ro\/wp-content\/uploads\/2021\/02\/Test-Renault-mare.jpg\" alt=\"\" width=\"730\" height=\"450\" srcset=\"https:\/\/www.rarom.ro\/wp-content\/uploads\/2021\/02\/Test-Renault-mare.jpg 730w, https:\/\/www.rarom.ro\/wp-content\/uploads\/2021\/02\/Test-Renault-mare-300x185.jpg 300w\" sizes=\"auto, (max-width: 730px) 100vw, 730px\" \/><\/a><\/p>\n<p style=\"text-align: justify;\"><a href=\"https:\/\/www.rarom.ro\/wp-content\/uploads\/2021\/02\/Test-Renault-pagini.jpg\"><img loading=\"lazy\" decoding=\"async\" class=\"alignleft size-full wp-image-10658\" src=\"https:\/\/www.rarom.ro\/wp-content\/uploads\/2021\/02\/Test-Renault-pagini.jpg\" alt=\"\" width=\"250\" height=\"165\" \/><\/a>Renault ne demonstreaz\u0103 c\u0103 \u0219i \u00een timpul pandemiei se \u00eent\u00e2mpl\u0103 lucruri bune. Anul trecut, chiar la \u00eenceputul lui martie, au scos un nou motor TCe 100 GPL supraalimentat, \u00een trei cilindri, pentru modelele Clio \u0219i Captur. [&#8230;]<\/p>\n","protected":false},"excerpt":{"rendered":"<p>Test: Renault Captur Tce 100 GPL Renault ne demonstreaz\u0103 c\u0103 \u0219i \u00een timpul pandemiei se \u00eent\u00e2mpl\u0103 lucruri bune. Anul trecut, chiar la \u00eenceputul lui martie, au scos un nou motor TCe 100 GPL supraalimentat, \u00een trei cilindri, pentru modelele Clio \u0219i Captur. [&#8230;]<\/p>\n","protected":false},"author":3,"featured_media":0,"parent":10639,"menu_order":3,"comment_status":"closed","ping_status":"closed","template":"","meta":{"_acf_changed":false,"footnotes":""},"class_list":["post-10655","page","type-page","status-publish","hentry"],"acf":[],"_links":{"self":[{"href":"https:\/\/www.rarom.ro\/index.php?rest_route=\/wp\/v2\/pages\/10655","targetHints":{"allow":["GET"]}}],"collection":[{"href":"https:\/\/www.rarom.ro\/index.php?rest_route=\/wp\/v2\/pages"}],"about":[{"href":"https:\/\/www.rarom.ro\/index.php?rest_route=\/wp\/v2\/types\/page"}],"author":[{"embeddable":true,"href":"https:\/\/www.rarom.ro\/index.php?rest_route=\/wp\/v2\/users\/3"}],"replies":[{"embeddable":true,"href":"https:\/\/www.rarom.ro\/index.php?rest_route=%2Fwp%2Fv2%2Fcomments&post=10655"}],"version-history":[{"count":1,"href":"https:\/\/www.rarom.ro\/index.php?rest_route=\/wp\/v2\/pages\/10655\/revisions"}],"predecessor-version":[{"id":10660,"href":"https:\/\/www.rarom.ro\/index.php?rest_route=\/wp\/v2\/pages\/10655\/revisions\/10660"}],"up":[{"embeddable":true,"href":"https:\/\/www.rarom.ro\/index.php?rest_route=\/wp\/v2\/pages\/10639"}],"wp:attachment":[{"href":"https:\/\/www.rarom.ro\/index.php?rest_route=%2Fwp%2Fv2%2Fmedia&parent=10655"}],"curies":[{"name":"wp","href":"https:\/\/api.w.org\/{rel}","templated":true}]}}