{"id":10505,"date":"2020-12-10T11:34:36","date_gmt":"2020-12-10T09:34:36","guid":{"rendered":"https:\/\/www.rarom.ro\/?page_id=10505"},"modified":"2020-12-10T11:34:36","modified_gmt":"2020-12-10T09:34:36","slug":"interviu","status":"publish","type":"page","link":"https:\/\/www.rarom.ro\/?page_id=10505","title":{"rendered":"Interviu"},"content":{"rendered":"<p><strong>Raluca B\u0103dulescu<\/strong><\/p>\n<p><a href=\"https:\/\/www.rarom.ro\/wp-content\/uploads\/2020\/12\/Interviu-mare.jpg\"><img loading=\"lazy\" decoding=\"async\" class=\"size-full wp-image-10506 aligncenter\" src=\"https:\/\/www.rarom.ro\/wp-content\/uploads\/2020\/12\/Interviu-mare.jpg\" alt=\"\" width=\"730\" height=\"450\" srcset=\"https:\/\/www.rarom.ro\/wp-content\/uploads\/2020\/12\/Interviu-mare.jpg 730w, https:\/\/www.rarom.ro\/wp-content\/uploads\/2020\/12\/Interviu-mare-300x185.jpg 300w\" sizes=\"auto, (max-width: 730px) 100vw, 730px\" \/><\/a><\/p>\n<p style=\"text-align: justify;\"><a href=\"https:\/\/www.rarom.ro\/wp-content\/uploads\/2020\/12\/Interviu-pagini.jpg\"><img loading=\"lazy\" decoding=\"async\" class=\"alignleft size-full wp-image-10508\" src=\"https:\/\/www.rarom.ro\/wp-content\/uploads\/2020\/12\/Interviu-pagini.jpg\" alt=\"\" width=\"250\" height=\"165\" \/><\/a>A absolvit Facultatea de Litere, opt ani a fost corporatist\u0103, dar \u0219i-a g\u0103sit marea pasiune \u00een televiziune. Raluca B\u0103dulescu este acum unul dintre jura\u021bii &#8222;necru\u021b\u0103tori&#8221; din &#8222;Bravo, ai stil!&#8221;, emisiunea difuzat\u0103 de postul de televiziune Kanal D. \u00cen acest &#8222;show&#8221; face echip\u0103 cu C\u0103t\u0103lin Botezatu, Maurice \u00adMunteanu \u0219i prezentatoarea Ilinca Vandici. Raluca a acceptat s\u0103 ne dezv\u0103luie care este secretul din spatele succesului acestui show de televiziune, dar \u0219i cum reu\u0219e\u0219te s\u0103 conduc\u0103 ma\u0219ina \u00eenc\u0103l\u021bat\u0103 cu pantofi cu toc. [&#8230;]<\/p>\n","protected":false},"excerpt":{"rendered":"<p>Raluca B\u0103dulescu A absolvit Facultatea de Litere, opt ani a fost corporatist\u0103, dar \u0219i-a g\u0103sit marea pasiune \u00een televiziune. Raluca B\u0103dulescu este acum unul dintre jura\u021bii &#8222;necru\u021b\u0103tori&#8221; din &#8222;Bravo, ai stil!&#8221;, emisiunea difuzat\u0103 de postul de televiziune Kanal D. \u00cen acest &#8222;show&#8221; face echip\u0103 cu C\u0103t\u0103lin Botezatu, Maurice \u00adMunteanu \u0219i prezentatoarea Ilinca Vandici. Raluca a [&hellip;]<\/p>\n","protected":false},"author":3,"featured_media":0,"parent":10466,"menu_order":2,"comment_status":"closed","ping_status":"closed","template":"","meta":{"_acf_changed":false,"footnotes":""},"class_list":["post-10505","page","type-page","status-publish","hentry"],"acf":[],"_links":{"self":[{"href":"https:\/\/www.rarom.ro\/index.php?rest_route=\/wp\/v2\/pages\/10505","targetHints":{"allow":["GET"]}}],"collection":[{"href":"https:\/\/www.rarom.ro\/index.php?rest_route=\/wp\/v2\/pages"}],"about":[{"href":"https:\/\/www.rarom.ro\/index.php?rest_route=\/wp\/v2\/types\/page"}],"author":[{"embeddable":true,"href":"https:\/\/www.rarom.ro\/index.php?rest_route=\/wp\/v2\/users\/3"}],"replies":[{"embeddable":true,"href":"https:\/\/www.rarom.ro\/index.php?rest_route=%2Fwp%2Fv2%2Fcomments&post=10505"}],"version-history":[{"count":1,"href":"https:\/\/www.rarom.ro\/index.php?rest_route=\/wp\/v2\/pages\/10505\/revisions"}],"predecessor-version":[{"id":10510,"href":"https:\/\/www.rarom.ro\/index.php?rest_route=\/wp\/v2\/pages\/10505\/revisions\/10510"}],"up":[{"embeddable":true,"href":"https:\/\/www.rarom.ro\/index.php?rest_route=\/wp\/v2\/pages\/10466"}],"wp:attachment":[{"href":"https:\/\/www.rarom.ro\/index.php?rest_route=%2Fwp%2Fv2%2Fmedia&parent=10505"}],"curies":[{"name":"wp","href":"https:\/\/api.w.org\/{rel}","templated":true}]}}