{"id":10499,"date":"2020-12-10T11:20:27","date_gmt":"2020-12-10T09:20:27","guid":{"rendered":"https:\/\/www.rarom.ro\/?page_id=10499"},"modified":"2020-12-10T11:20:27","modified_gmt":"2020-12-10T09:20:27","slug":"citroen-c3","status":"publish","type":"page","link":"https:\/\/www.rarom.ro\/?page_id=10499","title":{"rendered":"Citroen C3"},"content":{"rendered":"<p><strong>Test: Citroen C3<\/strong><\/p>\n<p><a href=\"https:\/\/www.rarom.ro\/wp-content\/uploads\/2020\/12\/Test-Citroen-mare.jpg\"><img loading=\"lazy\" decoding=\"async\" class=\"size-full wp-image-10500 aligncenter\" src=\"https:\/\/www.rarom.ro\/wp-content\/uploads\/2020\/12\/Test-Citroen-mare.jpg\" alt=\"\" width=\"730\" height=\"450\" srcset=\"https:\/\/www.rarom.ro\/wp-content\/uploads\/2020\/12\/Test-Citroen-mare.jpg 730w, https:\/\/www.rarom.ro\/wp-content\/uploads\/2020\/12\/Test-Citroen-mare-300x185.jpg 300w\" sizes=\"auto, (max-width: 730px) 100vw, 730px\" \/><\/a><\/p>\n<p style=\"text-align: justify;\"><a href=\"https:\/\/www.rarom.ro\/wp-content\/uploads\/2020\/12\/Test-Citroen-pagini.jpg\"><img loading=\"lazy\" decoding=\"async\" class=\"alignleft size-full wp-image-10502\" src=\"https:\/\/www.rarom.ro\/wp-content\/uploads\/2020\/12\/Test-Citroen-pagini.jpg\" alt=\"\" width=\"250\" height=\"165\" \/><\/a>Faceliftul celei de-a treia genera\u021bii C3 arat\u0103 de ce r\u0103m\u00e2ne cel mai bine v\u00e2ndut model la nivel mondial al celor de la Citroen. Practic, constructorul francez demonstreaz\u0103 elegant c\u0103 la volanul unui C3 universul personal transcede cu mult limitele oric\u0103rui ora\u0219. [&#8230;]<\/p>\n","protected":false},"excerpt":{"rendered":"<p>Test: Citroen C3 Faceliftul celei de-a treia genera\u021bii C3 arat\u0103 de ce r\u0103m\u00e2ne cel mai bine v\u00e2ndut model la nivel mondial al celor de la Citroen. Practic, constructorul francez demonstreaz\u0103 elegant c\u0103 la volanul unui C3 universul personal transcede cu mult limitele oric\u0103rui ora\u0219. [&#8230;]<\/p>\n","protected":false},"author":3,"featured_media":0,"parent":10470,"menu_order":5,"comment_status":"closed","ping_status":"closed","template":"","meta":{"_acf_changed":false,"footnotes":""},"class_list":["post-10499","page","type-page","status-publish","hentry"],"acf":[],"_links":{"self":[{"href":"https:\/\/www.rarom.ro\/index.php?rest_route=\/wp\/v2\/pages\/10499","targetHints":{"allow":["GET"]}}],"collection":[{"href":"https:\/\/www.rarom.ro\/index.php?rest_route=\/wp\/v2\/pages"}],"about":[{"href":"https:\/\/www.rarom.ro\/index.php?rest_route=\/wp\/v2\/types\/page"}],"author":[{"embeddable":true,"href":"https:\/\/www.rarom.ro\/index.php?rest_route=\/wp\/v2\/users\/3"}],"replies":[{"embeddable":true,"href":"https:\/\/www.rarom.ro\/index.php?rest_route=%2Fwp%2Fv2%2Fcomments&post=10499"}],"version-history":[{"count":1,"href":"https:\/\/www.rarom.ro\/index.php?rest_route=\/wp\/v2\/pages\/10499\/revisions"}],"predecessor-version":[{"id":10504,"href":"https:\/\/www.rarom.ro\/index.php?rest_route=\/wp\/v2\/pages\/10499\/revisions\/10504"}],"up":[{"embeddable":true,"href":"https:\/\/www.rarom.ro\/index.php?rest_route=\/wp\/v2\/pages\/10470"}],"wp:attachment":[{"href":"https:\/\/www.rarom.ro\/index.php?rest_route=%2Fwp%2Fv2%2Fmedia&parent=10499"}],"curies":[{"name":"wp","href":"https:\/\/api.w.org\/{rel}","templated":true}]}}