{"id":10487,"date":"2020-12-10T11:17:25","date_gmt":"2020-12-10T09:17:25","guid":{"rendered":"https:\/\/www.rarom.ro\/?page_id=10487"},"modified":"2020-12-10T11:17:25","modified_gmt":"2020-12-10T09:17:25","slug":"ford-puma-st","status":"publish","type":"page","link":"https:\/\/www.rarom.ro\/?page_id=10487","title":{"rendered":"Ford Puma ST"},"content":{"rendered":"<p><strong>Test: Ford Puma ST<\/strong><\/p>\n<p><a href=\"https:\/\/www.rarom.ro\/wp-content\/uploads\/2020\/12\/Test-Ford-mare.jpg\"><img loading=\"lazy\" decoding=\"async\" class=\"size-full wp-image-10488 aligncenter\" src=\"https:\/\/www.rarom.ro\/wp-content\/uploads\/2020\/12\/Test-Ford-mare.jpg\" alt=\"\" width=\"730\" height=\"450\" srcset=\"https:\/\/www.rarom.ro\/wp-content\/uploads\/2020\/12\/Test-Ford-mare.jpg 730w, https:\/\/www.rarom.ro\/wp-content\/uploads\/2020\/12\/Test-Ford-mare-300x185.jpg 300w\" sizes=\"auto, (max-width: 730px) 100vw, 730px\" \/><\/a><\/p>\n<p style=\"text-align: justify;\"><a href=\"https:\/\/www.rarom.ro\/wp-content\/uploads\/2020\/12\/Test-Ford-pagini.jpg\"><img loading=\"lazy\" decoding=\"async\" class=\"alignleft size-full wp-image-10490\" src=\"https:\/\/www.rarom.ro\/wp-content\/uploads\/2020\/12\/Test-Ford-pagini.jpg\" alt=\"\" width=\"250\" height=\"165\" \/><\/a>Culoarea Mean Green, etrierele ro\u015fu aprins, jantele \u00eentunecate de 19 inci, plafonul \u015fi carcasele oglinzilor exterioare vopsite \u00eentr-o nuan\u0163\u0103 negru lucios te avertizeaz\u0103 c\u0103 Ford Puma spre care te \u00eendrep\u0163i nu este unul obi\u015fnuit. [&#8230;]<\/p>\n","protected":false},"excerpt":{"rendered":"<p>Test: Ford Puma ST Culoarea Mean Green, etrierele ro\u015fu aprins, jantele \u00eentunecate de 19 inci, plafonul \u015fi carcasele oglinzilor exterioare vopsite \u00eentr-o nuan\u0163\u0103 negru lucios te avertizeaz\u0103 c\u0103 Ford Puma spre care te \u00eendrep\u0163i nu este unul obi\u015fnuit. [&#8230;]<\/p>\n","protected":false},"author":3,"featured_media":0,"parent":10470,"menu_order":3,"comment_status":"closed","ping_status":"closed","template":"","meta":{"_acf_changed":false,"footnotes":""},"class_list":["post-10487","page","type-page","status-publish","hentry"],"acf":[],"_links":{"self":[{"href":"https:\/\/www.rarom.ro\/index.php?rest_route=\/wp\/v2\/pages\/10487","targetHints":{"allow":["GET"]}}],"collection":[{"href":"https:\/\/www.rarom.ro\/index.php?rest_route=\/wp\/v2\/pages"}],"about":[{"href":"https:\/\/www.rarom.ro\/index.php?rest_route=\/wp\/v2\/types\/page"}],"author":[{"embeddable":true,"href":"https:\/\/www.rarom.ro\/index.php?rest_route=\/wp\/v2\/users\/3"}],"replies":[{"embeddable":true,"href":"https:\/\/www.rarom.ro\/index.php?rest_route=%2Fwp%2Fv2%2Fcomments&post=10487"}],"version-history":[{"count":1,"href":"https:\/\/www.rarom.ro\/index.php?rest_route=\/wp\/v2\/pages\/10487\/revisions"}],"predecessor-version":[{"id":10492,"href":"https:\/\/www.rarom.ro\/index.php?rest_route=\/wp\/v2\/pages\/10487\/revisions\/10492"}],"up":[{"embeddable":true,"href":"https:\/\/www.rarom.ro\/index.php?rest_route=\/wp\/v2\/pages\/10470"}],"wp:attachment":[{"href":"https:\/\/www.rarom.ro\/index.php?rest_route=%2Fwp%2Fv2%2Fmedia&parent=10487"}],"curies":[{"name":"wp","href":"https:\/\/api.w.org\/{rel}","templated":true}]}}