{"id":10381,"date":"2020-11-09T10:55:46","date_gmt":"2020-11-09T08:55:46","guid":{"rendered":"https:\/\/www.rarom.ro\/?page_id=10381"},"modified":"2020-11-09T10:55:46","modified_gmt":"2020-11-09T08:55:46","slug":"interviu","status":"publish","type":"page","link":"https:\/\/www.rarom.ro\/?page_id=10381","title":{"rendered":"Interviu"},"content":{"rendered":"<p><strong>Adrian Daminescu<\/strong><\/p>\n<p><a href=\"https:\/\/www.rarom.ro\/wp-content\/uploads\/2020\/11\/Interviu-mare.jpg\"><img loading=\"lazy\" decoding=\"async\" class=\"size-full wp-image-10382 aligncenter\" src=\"https:\/\/www.rarom.ro\/wp-content\/uploads\/2020\/11\/Interviu-mare.jpg\" alt=\"\" width=\"730\" height=\"450\" srcset=\"https:\/\/www.rarom.ro\/wp-content\/uploads\/2020\/11\/Interviu-mare.jpg 730w, https:\/\/www.rarom.ro\/wp-content\/uploads\/2020\/11\/Interviu-mare-300x185.jpg 300w\" sizes=\"auto, (max-width: 730px) 100vw, 730px\" \/><\/a><\/p>\n<p>&nbsp;<\/p>\n<p style=\"text-align: justify;\"><a href=\"https:\/\/www.rarom.ro\/wp-content\/uploads\/2020\/11\/Interviu-pagini.jpg\"><img loading=\"lazy\" decoding=\"async\" class=\"alignleft size-full wp-image-10384\" src=\"https:\/\/www.rarom.ro\/wp-content\/uploads\/2020\/11\/Interviu-pagini.jpg\" alt=\"\" width=\"250\" height=\"165\" \/><\/a>La \u0219ase ani a dirijat o fr\u00e2ntur\u0103 dintr-un spectacol de operet\u0103, la nou\u0103 ani \u0219i-a \u00eenceput ascensiunea pe scen\u0103 \u0219i a adunat succese, premii, aplauze, dar mai cu seam\u0103 aprecierea \u0219i dragostea publicului. Am cunoscut oameni care p\u0103streaz\u0103 la loc de cinste albumele cu Adrian Daminescu \u0219i care &#8222;trag&#8221; de un pick-up obosit \u0219i h\u00e2r\u0219\u00e2it doar ca s\u0103 mai aud\u0103, pe vinil, melodiile pe care trecerea timpului nu le-a trimis \u00een uitare. A \u00eenv\u0103\u021bat ce \u00eenseamn\u0103 arta \u00een familie. Tot acolo a primit \u0219i primele lec\u021bii de \u0219ofat. [&#8230;]<\/p>\n","protected":false},"excerpt":{"rendered":"<p>Adrian Daminescu &nbsp; La \u0219ase ani a dirijat o fr\u00e2ntur\u0103 dintr-un spectacol de operet\u0103, la nou\u0103 ani \u0219i-a \u00eenceput ascensiunea pe scen\u0103 \u0219i a adunat succese, premii, aplauze, dar mai cu seam\u0103 aprecierea \u0219i dragostea publicului. Am cunoscut oameni care p\u0103streaz\u0103 la loc de cinste albumele cu Adrian Daminescu \u0219i care &#8222;trag&#8221; de un pick-up [&hellip;]<\/p>\n","protected":false},"author":3,"featured_media":0,"parent":10353,"menu_order":2,"comment_status":"closed","ping_status":"closed","template":"","meta":{"_acf_changed":false,"footnotes":""},"class_list":["post-10381","page","type-page","status-publish","hentry"],"acf":[],"_links":{"self":[{"href":"https:\/\/www.rarom.ro\/index.php?rest_route=\/wp\/v2\/pages\/10381","targetHints":{"allow":["GET"]}}],"collection":[{"href":"https:\/\/www.rarom.ro\/index.php?rest_route=\/wp\/v2\/pages"}],"about":[{"href":"https:\/\/www.rarom.ro\/index.php?rest_route=\/wp\/v2\/types\/page"}],"author":[{"embeddable":true,"href":"https:\/\/www.rarom.ro\/index.php?rest_route=\/wp\/v2\/users\/3"}],"replies":[{"embeddable":true,"href":"https:\/\/www.rarom.ro\/index.php?rest_route=%2Fwp%2Fv2%2Fcomments&post=10381"}],"version-history":[{"count":1,"href":"https:\/\/www.rarom.ro\/index.php?rest_route=\/wp\/v2\/pages\/10381\/revisions"}],"predecessor-version":[{"id":10386,"href":"https:\/\/www.rarom.ro\/index.php?rest_route=\/wp\/v2\/pages\/10381\/revisions\/10386"}],"up":[{"embeddable":true,"href":"https:\/\/www.rarom.ro\/index.php?rest_route=\/wp\/v2\/pages\/10353"}],"wp:attachment":[{"href":"https:\/\/www.rarom.ro\/index.php?rest_route=%2Fwp%2Fv2%2Fmedia&parent=10381"}],"curies":[{"name":"wp","href":"https:\/\/api.w.org\/{rel}","templated":true}]}}