{"id":10375,"date":"2020-11-09T10:53:13","date_gmt":"2020-11-09T08:53:13","guid":{"rendered":"https:\/\/www.rarom.ro\/?page_id=10375"},"modified":"2020-11-09T10:53:13","modified_gmt":"2020-11-09T08:53:13","slug":"bmw-r18","status":"publish","type":"page","link":"https:\/\/www.rarom.ro\/?page_id=10375","title":{"rendered":"BMW R18"},"content":{"rendered":"<p><strong>Test: BMW R18<\/strong><\/p>\n<p><a href=\"https:\/\/www.rarom.ro\/wp-content\/uploads\/2020\/11\/Test-BMW-mare.jpg\"><img loading=\"lazy\" decoding=\"async\" class=\"size-full wp-image-10376 aligncenter\" src=\"https:\/\/www.rarom.ro\/wp-content\/uploads\/2020\/11\/Test-BMW-mare.jpg\" alt=\"\" width=\"730\" height=\"450\" srcset=\"https:\/\/www.rarom.ro\/wp-content\/uploads\/2020\/11\/Test-BMW-mare.jpg 730w, https:\/\/www.rarom.ro\/wp-content\/uploads\/2020\/11\/Test-BMW-mare-300x185.jpg 300w\" sizes=\"auto, (max-width: 730px) 100vw, 730px\" \/><\/a><\/p>\n<p>&nbsp;<\/p>\n<p style=\"text-align: justify;\"><a href=\"https:\/\/www.rarom.ro\/wp-content\/uploads\/2020\/11\/Test-BMW-pagini.jpg\"><img loading=\"lazy\" decoding=\"async\" class=\"alignleft size-full wp-image-10378\" src=\"https:\/\/www.rarom.ro\/wp-content\/uploads\/2020\/11\/Test-BMW-pagini.jpg\" alt=\"\" width=\"250\" height=\"165\" \/><\/a>Str\u00e2ng cu putere maneta ambreiajului, ap\u0103s butonul \u015fi&#8230; contact! O smuncitur\u0103 formidabil\u0103 zdruncin\u0103 ghidonul cromat, mai-mai s\u0103 mi-l smulg\u0103 din m\u00e2ini. \u00cen acela\u015fi timp, un sunet p\u0103trunz\u0103tor face aerul din jurul meu s\u0103 vibreze. A pornit boxerul de 1800 cmc. [&#8230;]<\/p>\n","protected":false},"excerpt":{"rendered":"<p>Test: BMW R18 &nbsp; Str\u00e2ng cu putere maneta ambreiajului, ap\u0103s butonul \u015fi&#8230; contact! O smuncitur\u0103 formidabil\u0103 zdruncin\u0103 ghidonul cromat, mai-mai s\u0103 mi-l smulg\u0103 din m\u00e2ini. \u00cen acela\u015fi timp, un sunet p\u0103trunz\u0103tor face aerul din jurul meu s\u0103 vibreze. A pornit boxerul de 1800 cmc. [&#8230;]<\/p>\n","protected":false},"author":3,"featured_media":0,"parent":10357,"menu_order":3,"comment_status":"closed","ping_status":"closed","template":"","meta":{"_acf_changed":false,"footnotes":""},"class_list":["post-10375","page","type-page","status-publish","hentry"],"acf":[],"_links":{"self":[{"href":"https:\/\/www.rarom.ro\/index.php?rest_route=\/wp\/v2\/pages\/10375","targetHints":{"allow":["GET"]}}],"collection":[{"href":"https:\/\/www.rarom.ro\/index.php?rest_route=\/wp\/v2\/pages"}],"about":[{"href":"https:\/\/www.rarom.ro\/index.php?rest_route=\/wp\/v2\/types\/page"}],"author":[{"embeddable":true,"href":"https:\/\/www.rarom.ro\/index.php?rest_route=\/wp\/v2\/users\/3"}],"replies":[{"embeddable":true,"href":"https:\/\/www.rarom.ro\/index.php?rest_route=%2Fwp%2Fv2%2Fcomments&post=10375"}],"version-history":[{"count":1,"href":"https:\/\/www.rarom.ro\/index.php?rest_route=\/wp\/v2\/pages\/10375\/revisions"}],"predecessor-version":[{"id":10380,"href":"https:\/\/www.rarom.ro\/index.php?rest_route=\/wp\/v2\/pages\/10375\/revisions\/10380"}],"up":[{"embeddable":true,"href":"https:\/\/www.rarom.ro\/index.php?rest_route=\/wp\/v2\/pages\/10357"}],"wp:attachment":[{"href":"https:\/\/www.rarom.ro\/index.php?rest_route=%2Fwp%2Fv2%2Fmedia&parent=10375"}],"curies":[{"name":"wp","href":"https:\/\/api.w.org\/{rel}","templated":true}]}}