{"id":10258,"date":"2020-10-05T10:31:05","date_gmt":"2020-10-05T07:31:05","guid":{"rendered":"https:\/\/www.rarom.ro\/?page_id=10258"},"modified":"2020-10-05T10:32:34","modified_gmt":"2020-10-05T07:32:34","slug":"interviu","status":"publish","type":"page","link":"https:\/\/www.rarom.ro\/?page_id=10258","title":{"rendered":"Interviu"},"content":{"rendered":"<p><strong>Ilie N\u0103stase<\/strong><\/p>\n<p><a href=\"https:\/\/www.rarom.ro\/wp-content\/uploads\/2020\/10\/Interviu-mare.jpg\"><img loading=\"lazy\" decoding=\"async\" class=\"size-full wp-image-10259 aligncenter\" src=\"https:\/\/www.rarom.ro\/wp-content\/uploads\/2020\/10\/Interviu-mare.jpg\" alt=\"\" width=\"730\" height=\"450\" srcset=\"https:\/\/www.rarom.ro\/wp-content\/uploads\/2020\/10\/Interviu-mare.jpg 730w, https:\/\/www.rarom.ro\/wp-content\/uploads\/2020\/10\/Interviu-mare-300x185.jpg 300w\" sizes=\"auto, (max-width: 730px) 100vw, 730px\" \/><\/a><\/p>\n<p style=\"text-align: justify;\"><a href=\"https:\/\/www.rarom.ro\/wp-content\/uploads\/2020\/10\/Interviu-pagini.jpg\"><img loading=\"lazy\" decoding=\"async\" class=\"alignleft size-full wp-image-10261\" src=\"https:\/\/www.rarom.ro\/wp-content\/uploads\/2020\/10\/Interviu-pagini.jpg\" alt=\"\" width=\"250\" height=\"165\" \/><\/a>Ilie N\u0103stase este o legend\u0103 a sportului rom\u00e2nesc \u00een adev\u0103ratul sens al cuv\u00e2ntului. M\u0103rturie \u00eei stau trofeele c\u00e2\u0219tigate, victoriile \u00een fa\u021ba unor sportivi uria\u0219i \u0219i meciurile sale memorabile. C\u00e2nd am stabilit interviul ne-am hot\u0103r\u00e2t s\u0103 vorbim doar despre ma\u0219ini \u0219i c\u0103l\u0103torii&#8230; \u0219i am c\u0103l\u0103torit prin ani de amintiri, \u00eent\u00e2mpl\u0103ri haioase \u0219i pove\u0219ti savuroase. [&#8230;]<\/p>\n","protected":false},"excerpt":{"rendered":"<p>Ilie N\u0103stase Ilie N\u0103stase este o legend\u0103 a sportului rom\u00e2nesc \u00een adev\u0103ratul sens al cuv\u00e2ntului. M\u0103rturie \u00eei stau trofeele c\u00e2\u0219tigate, victoriile \u00een fa\u021ba unor sportivi uria\u0219i \u0219i meciurile sale memorabile. C\u00e2nd am stabilit interviul ne-am hot\u0103r\u00e2t s\u0103 vorbim doar despre ma\u0219ini \u0219i c\u0103l\u0103torii&#8230; \u0219i am c\u0103l\u0103torit prin ani de amintiri, \u00eent\u00e2mpl\u0103ri haioase \u0219i pove\u0219ti savuroase. [&hellip;]<\/p>\n","protected":false},"author":3,"featured_media":0,"parent":10231,"menu_order":2,"comment_status":"closed","ping_status":"closed","template":"","meta":{"_acf_changed":false,"footnotes":""},"class_list":["post-10258","page","type-page","status-publish","hentry"],"acf":[],"_links":{"self":[{"href":"https:\/\/www.rarom.ro\/index.php?rest_route=\/wp\/v2\/pages\/10258","targetHints":{"allow":["GET"]}}],"collection":[{"href":"https:\/\/www.rarom.ro\/index.php?rest_route=\/wp\/v2\/pages"}],"about":[{"href":"https:\/\/www.rarom.ro\/index.php?rest_route=\/wp\/v2\/types\/page"}],"author":[{"embeddable":true,"href":"https:\/\/www.rarom.ro\/index.php?rest_route=\/wp\/v2\/users\/3"}],"replies":[{"embeddable":true,"href":"https:\/\/www.rarom.ro\/index.php?rest_route=%2Fwp%2Fv2%2Fcomments&post=10258"}],"version-history":[{"count":1,"href":"https:\/\/www.rarom.ro\/index.php?rest_route=\/wp\/v2\/pages\/10258\/revisions"}],"predecessor-version":[{"id":10263,"href":"https:\/\/www.rarom.ro\/index.php?rest_route=\/wp\/v2\/pages\/10258\/revisions\/10263"}],"up":[{"embeddable":true,"href":"https:\/\/www.rarom.ro\/index.php?rest_route=\/wp\/v2\/pages\/10231"}],"wp:attachment":[{"href":"https:\/\/www.rarom.ro\/index.php?rest_route=%2Fwp%2Fv2%2Fmedia&parent=10258"}],"curies":[{"name":"wp","href":"https:\/\/api.w.org\/{rel}","templated":true}]}}