{"id":10246,"date":"2020-10-05T10:16:21","date_gmt":"2020-10-05T07:16:21","guid":{"rendered":"https:\/\/www.rarom.ro\/?page_id=10246"},"modified":"2020-10-05T10:16:21","modified_gmt":"2020-10-05T07:16:21","slug":"peugeot-e208","status":"publish","type":"page","link":"https:\/\/www.rarom.ro\/?page_id=10246","title":{"rendered":"Peugeot e208"},"content":{"rendered":"<p><strong>Test: Peugeot e208<\/strong><\/p>\n<p><a href=\"https:\/\/www.rarom.ro\/wp-content\/uploads\/2020\/10\/Test-Peugeot-mare.jpg\"><img loading=\"lazy\" decoding=\"async\" class=\"size-full wp-image-10247 aligncenter\" src=\"https:\/\/www.rarom.ro\/wp-content\/uploads\/2020\/10\/Test-Peugeot-mare.jpg\" alt=\"\" width=\"730\" height=\"450\" srcset=\"https:\/\/www.rarom.ro\/wp-content\/uploads\/2020\/10\/Test-Peugeot-mare.jpg 730w, https:\/\/www.rarom.ro\/wp-content\/uploads\/2020\/10\/Test-Peugeot-mare-300x185.jpg 300w\" sizes=\"auto, (max-width: 730px) 100vw, 730px\" \/><\/a><\/p>\n<p style=\"text-align: justify;\"><a href=\"https:\/\/www.rarom.ro\/wp-content\/uploads\/2020\/10\/Test-Peugeot-pagini.jpg\"><img loading=\"lazy\" decoding=\"async\" class=\"alignleft size-full wp-image-10249\" src=\"https:\/\/www.rarom.ro\/wp-content\/uploads\/2020\/10\/Test-Peugeot-pagini.jpg\" alt=\"\" width=\"250\" height=\"165\" \/><\/a>Votat\u0103 ma\u015fina anului 2020 \u00een Europa, noul Peugeot 208 \u00ee\u015fi consolideaz\u0103 statutul impus de cucerirea acestui titlu cu ad\u0103ugarea unei versiuni 100% electrice. Modelul e208 \u015fi-a confirmat rapid poten\u0163ialul din moment ce numai \u00een luna august a reu\u015fit s\u0103-\u015fi adjudece trei podiumuri \u00een Eco Rally Bohemia \u015fi s\u0103 c\u00e2\u015ftige competi\u0163ia rezervat\u0103 ma\u015finilor electrice cu baterie de p\u00e2n\u0103 \u00een 50 kWh organizat\u0103 \u00een Lituania.\u00a0 [&#8230;]<\/p>\n","protected":false},"excerpt":{"rendered":"<p>Test: Peugeot e208 Votat\u0103 ma\u015fina anului 2020 \u00een Europa, noul Peugeot 208 \u00ee\u015fi consolideaz\u0103 statutul impus de cucerirea acestui titlu cu ad\u0103ugarea unei versiuni 100% electrice. Modelul e208 \u015fi-a confirmat rapid poten\u0163ialul din moment ce numai \u00een luna august a reu\u015fit s\u0103-\u015fi adjudece trei podiumuri \u00een Eco Rally Bohemia \u015fi s\u0103 c\u00e2\u015ftige competi\u0163ia rezervat\u0103 ma\u015finilor [&hellip;]<\/p>\n","protected":false},"author":3,"featured_media":0,"parent":10235,"menu_order":2,"comment_status":"closed","ping_status":"closed","template":"","meta":{"_acf_changed":false,"footnotes":""},"class_list":["post-10246","page","type-page","status-publish","hentry"],"acf":[],"_links":{"self":[{"href":"https:\/\/www.rarom.ro\/index.php?rest_route=\/wp\/v2\/pages\/10246","targetHints":{"allow":["GET"]}}],"collection":[{"href":"https:\/\/www.rarom.ro\/index.php?rest_route=\/wp\/v2\/pages"}],"about":[{"href":"https:\/\/www.rarom.ro\/index.php?rest_route=\/wp\/v2\/types\/page"}],"author":[{"embeddable":true,"href":"https:\/\/www.rarom.ro\/index.php?rest_route=\/wp\/v2\/users\/3"}],"replies":[{"embeddable":true,"href":"https:\/\/www.rarom.ro\/index.php?rest_route=%2Fwp%2Fv2%2Fcomments&post=10246"}],"version-history":[{"count":1,"href":"https:\/\/www.rarom.ro\/index.php?rest_route=\/wp\/v2\/pages\/10246\/revisions"}],"predecessor-version":[{"id":10251,"href":"https:\/\/www.rarom.ro\/index.php?rest_route=\/wp\/v2\/pages\/10246\/revisions\/10251"}],"up":[{"embeddable":true,"href":"https:\/\/www.rarom.ro\/index.php?rest_route=\/wp\/v2\/pages\/10235"}],"wp:attachment":[{"href":"https:\/\/www.rarom.ro\/index.php?rest_route=%2Fwp%2Fv2%2Fmedia&parent=10246"}],"curies":[{"name":"wp","href":"https:\/\/api.w.org\/{rel}","templated":true}]}}