{"id":10240,"date":"2020-10-05T10:12:35","date_gmt":"2020-10-05T07:12:35","guid":{"rendered":"https:\/\/www.rarom.ro\/?page_id=10240"},"modified":"2020-10-05T10:14:19","modified_gmt":"2020-10-05T07:14:19","slug":"bmw-x6-m-competition","status":"publish","type":"page","link":"https:\/\/www.rarom.ro\/?page_id=10240","title":{"rendered":"BMW X6 M Competition"},"content":{"rendered":"<p><strong>Test: BMW X6 M Competition<\/strong><\/p>\n<p><a href=\"https:\/\/www.rarom.ro\/wp-content\/uploads\/2020\/10\/Test-BMW-mare.jpg\"><img loading=\"lazy\" decoding=\"async\" class=\"size-full wp-image-10241 aligncenter\" src=\"https:\/\/www.rarom.ro\/wp-content\/uploads\/2020\/10\/Test-BMW-mare.jpg\" alt=\"\" width=\"730\" height=\"450\" srcset=\"https:\/\/www.rarom.ro\/wp-content\/uploads\/2020\/10\/Test-BMW-mare.jpg 730w, https:\/\/www.rarom.ro\/wp-content\/uploads\/2020\/10\/Test-BMW-mare-300x185.jpg 300w\" sizes=\"auto, (max-width: 730px) 100vw, 730px\" \/><\/a><\/p>\n<p style=\"text-align: justify;\"><a href=\"https:\/\/www.rarom.ro\/wp-content\/uploads\/2020\/10\/Test-BMW-pagini.jpg\"><img loading=\"lazy\" decoding=\"async\" class=\"alignleft size-full wp-image-10243\" src=\"https:\/\/www.rarom.ro\/wp-content\/uploads\/2020\/10\/Test-BMW-pagini.jpg\" alt=\"\" width=\"250\" height=\"165\" \/><\/a>Ce ar fi de spus despre o ma\u015fin\u0103 care c\u00e2nt\u0103re\u015fte peste 2,3 tone, ajunge la 100 km\/h cu start de pe loc \u00een 3,8 secunde \u015fi este construit\u0103 cu o asemenea aten\u0163ie acordat\u0103 detaliilor \u00eenc\u00e2t p\u00e2n\u0103 \u015fi emblemele \u00eencastrate \u00een tetierele fa\u0163\u0103 sunt iluminate?&#8230; Evident, destule.\u00a0 [&#8230;]<\/p>\n","protected":false},"excerpt":{"rendered":"<p>Test: BMW X6 M Competition Ce ar fi de spus despre o ma\u015fin\u0103 care c\u00e2nt\u0103re\u015fte peste 2,3 tone, ajunge la 100 km\/h cu start de pe loc \u00een 3,8 secunde \u015fi este construit\u0103 cu o asemenea aten\u0163ie acordat\u0103 detaliilor \u00eenc\u00e2t p\u00e2n\u0103 \u015fi emblemele \u00eencastrate \u00een tetierele fa\u0163\u0103 sunt iluminate?&#8230; Evident, destule.\u00a0 [&#8230;]<\/p>\n","protected":false},"author":3,"featured_media":0,"parent":10235,"menu_order":1,"comment_status":"closed","ping_status":"closed","template":"","meta":{"_acf_changed":false,"footnotes":""},"class_list":["post-10240","page","type-page","status-publish","hentry"],"acf":[],"_links":{"self":[{"href":"https:\/\/www.rarom.ro\/index.php?rest_route=\/wp\/v2\/pages\/10240","targetHints":{"allow":["GET"]}}],"collection":[{"href":"https:\/\/www.rarom.ro\/index.php?rest_route=\/wp\/v2\/pages"}],"about":[{"href":"https:\/\/www.rarom.ro\/index.php?rest_route=\/wp\/v2\/types\/page"}],"author":[{"embeddable":true,"href":"https:\/\/www.rarom.ro\/index.php?rest_route=\/wp\/v2\/users\/3"}],"replies":[{"embeddable":true,"href":"https:\/\/www.rarom.ro\/index.php?rest_route=%2Fwp%2Fv2%2Fcomments&post=10240"}],"version-history":[{"count":1,"href":"https:\/\/www.rarom.ro\/index.php?rest_route=\/wp\/v2\/pages\/10240\/revisions"}],"predecessor-version":[{"id":10245,"href":"https:\/\/www.rarom.ro\/index.php?rest_route=\/wp\/v2\/pages\/10240\/revisions\/10245"}],"up":[{"embeddable":true,"href":"https:\/\/www.rarom.ro\/index.php?rest_route=\/wp\/v2\/pages\/10235"}],"wp:attachment":[{"href":"https:\/\/www.rarom.ro\/index.php?rest_route=%2Fwp%2Fv2%2Fmedia&parent=10240"}],"curies":[{"name":"wp","href":"https:\/\/api.w.org\/{rel}","templated":true}]}}