{"id":10152,"date":"2020-08-31T13:53:20","date_gmt":"2020-08-31T10:53:20","guid":{"rendered":"https:\/\/www.rarom.ro\/?page_id=10152"},"modified":"2020-08-31T13:53:20","modified_gmt":"2020-08-31T10:53:20","slug":"interviu","status":"publish","type":"page","link":"https:\/\/www.rarom.ro\/?page_id=10152","title":{"rendered":"Interviu"},"content":{"rendered":"<p><strong>Dinu Maxer<\/strong><\/p>\n<p><a href=\"https:\/\/www.rarom.ro\/wp-content\/uploads\/2020\/08\/Interviu-mare-255.jpg\"><img loading=\"lazy\" decoding=\"async\" class=\"size-full wp-image-10153 aligncenter\" src=\"https:\/\/www.rarom.ro\/wp-content\/uploads\/2020\/08\/Interviu-mare-255.jpg\" alt=\"\" width=\"730\" height=\"450\" srcset=\"https:\/\/www.rarom.ro\/wp-content\/uploads\/2020\/08\/Interviu-mare-255.jpg 730w, https:\/\/www.rarom.ro\/wp-content\/uploads\/2020\/08\/Interviu-mare-255-300x185.jpg 300w\" sizes=\"auto, (max-width: 730px) 100vw, 730px\" \/><\/a><\/p>\n<p style=\"text-align: justify;\"><a href=\"https:\/\/www.rarom.ro\/wp-content\/uploads\/2020\/08\/Interviu-pagini-255.jpg\"><img loading=\"lazy\" decoding=\"async\" class=\"alignleft size-full wp-image-10155\" src=\"https:\/\/www.rarom.ro\/wp-content\/uploads\/2020\/08\/Interviu-pagini-255.jpg\" alt=\"\" width=\"250\" height=\"165\" \/><\/a>Sunt mai bine de 25 de ani de c\u00e2nd Dinu Maxer a ap\u0103rut prima oar\u0103 pe scen\u0103. De atunci \u0219i-a construit, pas cu pas, o carier\u0103 solid\u0103 \u00een showbizul rom\u00e2nesc. Este solist, compozitor, textier \u0219i prezentator de spectacole. Piesele c\u00e2ntate de el au adunat zeci de milioane de vizualiz\u0103ri pe YouTube. Anul acesta a avut mai multe evenimente pe litoral \u0219i s-a dus prima oar\u0103 \u0219i cu Maysa, mezina familiei. Cum arat\u0103 o c\u0103l\u0103torie cu ma\u0219ina, cu doi copii, ce automobile conduce \u0219i c\u00e2t de dificil a fost s\u0103 ia permisul de conducere? Dinu Maxer ne-a spus \u00eentreaga poveste. [&#8230;]<\/p>\n","protected":false},"excerpt":{"rendered":"<p>Dinu Maxer Sunt mai bine de 25 de ani de c\u00e2nd Dinu Maxer a ap\u0103rut prima oar\u0103 pe scen\u0103. De atunci \u0219i-a construit, pas cu pas, o carier\u0103 solid\u0103 \u00een showbizul rom\u00e2nesc. Este solist, compozitor, textier \u0219i prezentator de spectacole. Piesele c\u00e2ntate de el au adunat zeci de milioane de vizualiz\u0103ri pe YouTube. Anul acesta [&hellip;]<\/p>\n","protected":false},"author":3,"featured_media":0,"parent":10101,"menu_order":2,"comment_status":"closed","ping_status":"closed","template":"","meta":{"_acf_changed":false,"footnotes":""},"class_list":["post-10152","page","type-page","status-publish","hentry"],"acf":[],"_links":{"self":[{"href":"https:\/\/www.rarom.ro\/index.php?rest_route=\/wp\/v2\/pages\/10152","targetHints":{"allow":["GET"]}}],"collection":[{"href":"https:\/\/www.rarom.ro\/index.php?rest_route=\/wp\/v2\/pages"}],"about":[{"href":"https:\/\/www.rarom.ro\/index.php?rest_route=\/wp\/v2\/types\/page"}],"author":[{"embeddable":true,"href":"https:\/\/www.rarom.ro\/index.php?rest_route=\/wp\/v2\/users\/3"}],"replies":[{"embeddable":true,"href":"https:\/\/www.rarom.ro\/index.php?rest_route=%2Fwp%2Fv2%2Fcomments&post=10152"}],"version-history":[{"count":1,"href":"https:\/\/www.rarom.ro\/index.php?rest_route=\/wp\/v2\/pages\/10152\/revisions"}],"predecessor-version":[{"id":10157,"href":"https:\/\/www.rarom.ro\/index.php?rest_route=\/wp\/v2\/pages\/10152\/revisions\/10157"}],"up":[{"embeddable":true,"href":"https:\/\/www.rarom.ro\/index.php?rest_route=\/wp\/v2\/pages\/10101"}],"wp:attachment":[{"href":"https:\/\/www.rarom.ro\/index.php?rest_route=%2Fwp%2Fv2%2Fmedia&parent=10152"}],"curies":[{"name":"wp","href":"https:\/\/api.w.org\/{rel}","templated":true}]}}