{"id":10146,"date":"2020-08-31T13:52:00","date_gmt":"2020-08-31T10:52:00","guid":{"rendered":"https:\/\/www.rarom.ro\/?page_id=10146"},"modified":"2020-08-31T13:52:00","modified_gmt":"2020-08-31T10:52:00","slug":"bmw-f900-xr","status":"publish","type":"page","link":"https:\/\/www.rarom.ro\/?page_id=10146","title":{"rendered":"BMW F900 XR"},"content":{"rendered":"<p><strong>Test: BMW F900 XR<\/strong><\/p>\n<p><a href=\"https:\/\/www.rarom.ro\/wp-content\/uploads\/2020\/08\/TestF900-mare-255.jpg\"><img loading=\"lazy\" decoding=\"async\" class=\"size-full wp-image-10147 aligncenter\" src=\"https:\/\/www.rarom.ro\/wp-content\/uploads\/2020\/08\/TestF900-mare-255.jpg\" alt=\"\" width=\"730\" height=\"450\" srcset=\"https:\/\/www.rarom.ro\/wp-content\/uploads\/2020\/08\/TestF900-mare-255.jpg 730w, https:\/\/www.rarom.ro\/wp-content\/uploads\/2020\/08\/TestF900-mare-255-300x185.jpg 300w\" sizes=\"auto, (max-width: 730px) 100vw, 730px\" \/><\/a><\/p>\n<p style=\"text-align: justify;\"><a href=\"https:\/\/www.rarom.ro\/wp-content\/uploads\/2020\/08\/TestF900-pagini-255.jpg\"><img loading=\"lazy\" decoding=\"async\" class=\"alignleft size-full wp-image-10149\" src=\"https:\/\/www.rarom.ro\/wp-content\/uploads\/2020\/08\/TestF900-pagini-255.jpg\" alt=\"\" width=\"250\" height=\"165\" \/><\/a>Gama XR demonstreaz\u0103 dorin\u021ba \u0219i reu\u0219ita BMW Motorrad de a combina armonios aptitudinile sport cu cele de touring \u00eentr-un singur produs. A\u015fa s-a n\u0103scut modelul care a inaugurat aceast\u0103 familie, S 1000 XR. Ast\u0103zi, familia s-a m\u0103rit. [&#8230;]<\/p>\n","protected":false},"excerpt":{"rendered":"<p>Test: BMW F900 XR Gama XR demonstreaz\u0103 dorin\u021ba \u0219i reu\u0219ita BMW Motorrad de a combina armonios aptitudinile sport cu cele de touring \u00eentr-un singur produs. A\u015fa s-a n\u0103scut modelul care a inaugurat aceast\u0103 familie, S 1000 XR. Ast\u0103zi, familia s-a m\u0103rit. [&#8230;]<\/p>\n","protected":false},"author":3,"featured_media":0,"parent":10106,"menu_order":7,"comment_status":"closed","ping_status":"closed","template":"","meta":{"_acf_changed":false,"footnotes":""},"class_list":["post-10146","page","type-page","status-publish","hentry"],"acf":[],"_links":{"self":[{"href":"https:\/\/www.rarom.ro\/index.php?rest_route=\/wp\/v2\/pages\/10146","targetHints":{"allow":["GET"]}}],"collection":[{"href":"https:\/\/www.rarom.ro\/index.php?rest_route=\/wp\/v2\/pages"}],"about":[{"href":"https:\/\/www.rarom.ro\/index.php?rest_route=\/wp\/v2\/types\/page"}],"author":[{"embeddable":true,"href":"https:\/\/www.rarom.ro\/index.php?rest_route=\/wp\/v2\/users\/3"}],"replies":[{"embeddable":true,"href":"https:\/\/www.rarom.ro\/index.php?rest_route=%2Fwp%2Fv2%2Fcomments&post=10146"}],"version-history":[{"count":1,"href":"https:\/\/www.rarom.ro\/index.php?rest_route=\/wp\/v2\/pages\/10146\/revisions"}],"predecessor-version":[{"id":10151,"href":"https:\/\/www.rarom.ro\/index.php?rest_route=\/wp\/v2\/pages\/10146\/revisions\/10151"}],"up":[{"embeddable":true,"href":"https:\/\/www.rarom.ro\/index.php?rest_route=\/wp\/v2\/pages\/10106"}],"wp:attachment":[{"href":"https:\/\/www.rarom.ro\/index.php?rest_route=%2Fwp%2Fv2%2Fmedia&parent=10146"}],"curies":[{"name":"wp","href":"https:\/\/api.w.org\/{rel}","templated":true}]}}