{"id":10110,"date":"2020-08-31T13:42:32","date_gmt":"2020-08-31T10:42:32","guid":{"rendered":"https:\/\/www.rarom.ro\/?page_id=10110"},"modified":"2020-08-31T13:42:32","modified_gmt":"2020-08-31T10:42:32","slug":"honda-jazz-ehev","status":"publish","type":"page","link":"https:\/\/www.rarom.ro\/?page_id=10110","title":{"rendered":"Honda Jazz e:HEV"},"content":{"rendered":"<p><strong>Test: Honda Jazz e:HEV<\/strong><\/p>\n<p><a href=\"https:\/\/www.rarom.ro\/wp-content\/uploads\/2020\/08\/TestHonda-mare-255.jpg\"><img loading=\"lazy\" decoding=\"async\" class=\"size-full wp-image-10111 aligncenter\" src=\"https:\/\/www.rarom.ro\/wp-content\/uploads\/2020\/08\/TestHonda-mare-255.jpg\" alt=\"\" width=\"730\" height=\"450\" srcset=\"https:\/\/www.rarom.ro\/wp-content\/uploads\/2020\/08\/TestHonda-mare-255.jpg 730w, https:\/\/www.rarom.ro\/wp-content\/uploads\/2020\/08\/TestHonda-mare-255-300x185.jpg 300w\" sizes=\"auto, (max-width: 730px) 100vw, 730px\" \/><\/a><\/p>\n<p style=\"text-align: justify;\"><a href=\"https:\/\/www.rarom.ro\/wp-content\/uploads\/2020\/08\/TestHonda-pagini-255.jpg\"><img loading=\"lazy\" decoding=\"async\" class=\"alignleft size-full wp-image-10113\" src=\"https:\/\/www.rarom.ro\/wp-content\/uploads\/2020\/08\/TestHonda-pagini-255.jpg\" alt=\"\" width=\"250\" height=\"165\" \/><\/a>Noul Honda Jazz e:HEV este tot ceea ce nu te a\u015ftep\u0163i de la o ma\u015fin\u0103 de clas\u0103 mic\u0103: foarte spa\u0163ios, ultra accesorizat \u015fi foarte confortabil. Evident, este \u015fi economic. Dar pluseaz\u0103 suplimentar la acest capitol prin faptul c\u0103 este un hybrid. [&#8230;]<\/p>\n","protected":false},"excerpt":{"rendered":"<p>Test: Honda Jazz e:HEV Noul Honda Jazz e:HEV este tot ceea ce nu te a\u015ftep\u0163i de la o ma\u015fin\u0103 de clas\u0103 mic\u0103: foarte spa\u0163ios, ultra accesorizat \u015fi foarte confortabil. Evident, este \u015fi economic. Dar pluseaz\u0103 suplimentar la acest capitol prin faptul c\u0103 este un hybrid. [&#8230;]<\/p>\n","protected":false},"author":3,"featured_media":0,"parent":10106,"menu_order":1,"comment_status":"closed","ping_status":"closed","template":"","meta":{"_acf_changed":false,"footnotes":""},"class_list":["post-10110","page","type-page","status-publish","hentry"],"acf":[],"_links":{"self":[{"href":"https:\/\/www.rarom.ro\/index.php?rest_route=\/wp\/v2\/pages\/10110","targetHints":{"allow":["GET"]}}],"collection":[{"href":"https:\/\/www.rarom.ro\/index.php?rest_route=\/wp\/v2\/pages"}],"about":[{"href":"https:\/\/www.rarom.ro\/index.php?rest_route=\/wp\/v2\/types\/page"}],"author":[{"embeddable":true,"href":"https:\/\/www.rarom.ro\/index.php?rest_route=\/wp\/v2\/users\/3"}],"replies":[{"embeddable":true,"href":"https:\/\/www.rarom.ro\/index.php?rest_route=%2Fwp%2Fv2%2Fcomments&post=10110"}],"version-history":[{"count":1,"href":"https:\/\/www.rarom.ro\/index.php?rest_route=\/wp\/v2\/pages\/10110\/revisions"}],"predecessor-version":[{"id":10115,"href":"https:\/\/www.rarom.ro\/index.php?rest_route=\/wp\/v2\/pages\/10110\/revisions\/10115"}],"up":[{"embeddable":true,"href":"https:\/\/www.rarom.ro\/index.php?rest_route=\/wp\/v2\/pages\/10106"}],"wp:attachment":[{"href":"https:\/\/www.rarom.ro\/index.php?rest_route=%2Fwp%2Fv2%2Fmedia&parent=10110"}],"curies":[{"name":"wp","href":"https:\/\/api.w.org\/{rel}","templated":true}]}}